{"id":119,"date":"2022-02-24T11:44:55","date_gmt":"2022-02-24T10:44:55","guid":{"rendered":"http:\/\/cugnac.be\/?page_id=119"},"modified":"2024-04-24T22:44:12","modified_gmt":"2024-04-24T20:44:12","slug":"vice-et-vertu","status":"publish","type":"page","link":"https:\/\/cugnac.be\/index.php\/vice-et-vertu\/","title":{"rendered":"Vice et Vertu"},"content":{"rendered":"\n<p class=\"has-text-color has-link-color wp-elements-ff0a7843180014898035800507a8b3a7\" style=\"color:#808080\">2005-2007<\/p>\n\n\n\n<div style=\"height:25px\" aria-hidden=\"true\" class=\"wp-block-spacer\"><\/div>\n\n\n\n<figure data-wp-context=\"{&quot;imageId&quot;:&quot;69e76d5cb61d3&quot;}\" data-wp-interactive=\"core\/image\" data-wp-key=\"69e76d5cb61d3\" class=\"wp-block-image size-full is-resized wp-lightbox-container\"><img loading=\"lazy\" decoding=\"async\" width=\"1523\" height=\"1134\" data-wp-class--hide=\"state.isContentHidden\" data-wp-class--show=\"state.isContentVisible\" data-wp-init=\"callbacks.setButtonStyles\" data-wp-on--click=\"actions.showLightbox\" data-wp-on--load=\"callbacks.setButtonStyles\" data-wp-on-window--resize=\"callbacks.setButtonStyles\" src=\"http:\/\/cugnac.be\/wp-content\/uploads\/2022\/02\/CRW_1026-4.jpg\" alt=\"\" class=\"wp-image-26\" style=\"width:650px\" srcset=\"https:\/\/cugnac.be\/wp-content\/uploads\/2022\/02\/CRW_1026-4.jpg 1523w, https:\/\/cugnac.be\/wp-content\/uploads\/2022\/02\/CRW_1026-4-300x223.jpg 300w, https:\/\/cugnac.be\/wp-content\/uploads\/2022\/02\/CRW_1026-4-1024x762.jpg 1024w, https:\/\/cugnac.be\/wp-content\/uploads\/2022\/02\/CRW_1026-4-768x572.jpg 768w\" sizes=\"auto, (max-width: 1523px) 100vw, 1523px\" \/><button\n\t\t\tclass=\"lightbox-trigger\"\n\t\t\ttype=\"button\"\n\t\t\taria-haspopup=\"dialog\"\n\t\t\taria-label=\"Agrandir\"\n\t\t\tdata-wp-init=\"callbacks.initTriggerButton\"\n\t\t\tdata-wp-on--click=\"actions.showLightbox\"\n\t\t\tdata-wp-style--right=\"state.imageButtonRight\"\n\t\t\tdata-wp-style--top=\"state.imageButtonTop\"\n\t\t>\n\t\t\t<svg xmlns=\"http:\/\/www.w3.org\/2000\/svg\" width=\"12\" height=\"12\" fill=\"none\" viewBox=\"0 0 12 12\">\n\t\t\t\t<path fill=\"#fff\" d=\"M2 0a2 2 0 0 0-2 2v2h1.5V2a.5.5 0 0 1 .5-.5h2V0H2Zm2 10.5H2a.5.5 0 0 1-.5-.5V8H0v2a2 2 0 0 0 2 2h2v-1.5ZM8 12v-1.5h2a.5.5 0 0 0 .5-.5V8H12v2a2 2 0 0 1-2 2H8Zm2-12a2 2 0 0 1 2 2v2h-1.5V2a.5.5 0 0 0-.5-.5H8V0h2Z\" \/>\n\t\t\t<\/svg>\n\t\t<\/button><figcaption class=\"wp-element-caption\">2006<\/figcaption><\/figure>\n\n\n\n<div style=\"height:40px\" aria-hidden=\"true\" class=\"wp-block-spacer\"><\/div>\n\n\n\n<p class=\"has-text-color has-small-font-size\" style=\"color:#808080;font-style:normal;font-weight:400;line-height:1.2\"><strong>AVION \u00c0 R\u00c9ACTION<\/strong><br><br>Je tiens pour certain que Fabien de Cugnac est un avion \u00e0 r\u00e9action, et je pr\u00e9f\u00e8re m\u2019empresser de l\u2019ass\u00e9ner ici plut\u00f4t que de le r\u00e9v\u00e9ler au terme d\u2019un long d\u00e9veloppement.<br><br>Fabien de Cugnac est un avion \u00e0 r\u00e9action, et qu\u2019il n\u2019en sache rien ne doit pas nous voiler ce d\u00e9sir qui tout entier le tend, de tracer, anonyme \u00e0 la plupart, une tra\u00een\u00e9e d\u2019\u00e9chappement \u2013 c\u2019est exactement ce qu\u2019il fait lorsqu\u2019il ouvre dans les hautes sph\u00e8res comme une fermeture \u00e9clair gazeuse, la trace par o\u00f9 il s\u2019\u00e9chappe, signature difficilement identifiable \u00e0 l\u2019\u0153il nu, mais pas pour autant impossiblement reconnaissable pour ceux qui lui r\u00e9servent une place au sein de leur famille \u2013 dans le sens le plus large \u2013 et qui, en le voyant les survoler, savent avec reconnaissance qu\u2019un des leurs \u2013 toujours large, le sens, le plus large, et maintenons cette constance \u2013 un des leurs est un avion.<br><br>Lorsque j\u2019\u00e9voque ici la famille ou le proche, j\u2019esp\u00e8re bien avoir <em>tu\u00e9<\/em> le sens dans lequel il peut \u00eatre entendu, qui est \u00e9videmment celui du proche ou de la famille dont on parle lorsque l\u2019on \u00e9voque ces artistes qui \u0153uvrent en famille, peintres, \u00e9crivains des familles. Parlant d\u2019un avion, et plus encore d\u2019un avion \u00e0 r\u00e9action, j\u2019\u00e9voque la fi\u00e8re proximit\u00e9 qu\u2019il est possible d\u2019entretenir avec les sens que l\u2019avion \u00e0 r\u00e9action \u00e9veille en nous.<br><br>Les codes de la critique artistique contiennent des articles tr\u00e8s stricts d\u00e8s lors que l\u2019on aborde la r\u00e9action. L\u2019\u0153uvre et l\u2019artiste en r\u00e9action m\u00e9ritent souvent, si pas le m\u00e9pris, du moins la suspicion, comme si un <em>carr\u00e9 blanc sur fond noir<\/em> contenait en lui, logiquement, l\u2019\u00e9chec d\u2019une \u0153uvre <em>diam\u00e9tralement<\/em> oppos\u00e9e. Pour l\u2019expliciter par rapport \u00e0 l\u2019\u0153uvre de Fabien de Cugnac, la s\u00e9rie de soleils couchants sur plage (soleil couchant sur plage pouvant \u00eatre entendu comme <em>mati\u00e8re \u2013 type de fixation \u2013 type de support<\/em>) ferait ainsi r\u00e9action \u00e0 l\u2019\u00e9chec (commercial) de d\u00e9tails de corps de femmes noires.<br><br>Je ne pr\u00e9tends pas ici <em>r\u00e9encoder<\/em> les fondements de la critique, qui restent certainement applicables en mati\u00e8re de r\u00e9action&nbsp;; simplement, envisager le <em>passage<\/em> des corps au ciel, si j\u2019ose dire (et j\u2019ose le dire sans audace, puisque c\u2019est bien de cela qu\u2019il s\u2019agit) sous le seul axe de la r\u00e9action, est une mani\u00e8re trop rapide d\u2019oblit\u00e9rer un travail que la critique oblit\u00e8re d\u2019ailleurs avec une constance qui tient du penchant naturel.<br><br><\/p>\n\n\n\n<div style=\"height:40px\" aria-hidden=\"true\" class=\"wp-block-spacer\"><\/div>\n\n\n\n<figure data-wp-context=\"{&quot;imageId&quot;:&quot;69e76d5cb68ac&quot;}\" data-wp-interactive=\"core\/image\" data-wp-key=\"69e76d5cb68ac\" class=\"wp-block-image size-full is-resized wp-lightbox-container\"><img loading=\"lazy\" decoding=\"async\" width=\"1533\" height=\"1148\" data-wp-class--hide=\"state.isContentHidden\" data-wp-class--show=\"state.isContentVisible\" data-wp-init=\"callbacks.setButtonStyles\" data-wp-on--click=\"actions.showLightbox\" data-wp-on--load=\"callbacks.setButtonStyles\" data-wp-on-window--resize=\"callbacks.setButtonStyles\" src=\"http:\/\/cugnac.be\/wp-content\/uploads\/2022\/02\/CRW_3412-bis-5.jpg\" alt=\"\" class=\"wp-image-31\" style=\"width:650px\" srcset=\"https:\/\/cugnac.be\/wp-content\/uploads\/2022\/02\/CRW_3412-bis-5.jpg 1533w, https:\/\/cugnac.be\/wp-content\/uploads\/2022\/02\/CRW_3412-bis-5-300x225.jpg 300w, https:\/\/cugnac.be\/wp-content\/uploads\/2022\/02\/CRW_3412-bis-5-1024x767.jpg 1024w, https:\/\/cugnac.be\/wp-content\/uploads\/2022\/02\/CRW_3412-bis-5-768x575.jpg 768w\" sizes=\"auto, (max-width: 1533px) 100vw, 1533px\" \/><button\n\t\t\tclass=\"lightbox-trigger\"\n\t\t\ttype=\"button\"\n\t\t\taria-haspopup=\"dialog\"\n\t\t\taria-label=\"Agrandir\"\n\t\t\tdata-wp-init=\"callbacks.initTriggerButton\"\n\t\t\tdata-wp-on--click=\"actions.showLightbox\"\n\t\t\tdata-wp-style--right=\"state.imageButtonRight\"\n\t\t\tdata-wp-style--top=\"state.imageButtonTop\"\n\t\t>\n\t\t\t<svg xmlns=\"http:\/\/www.w3.org\/2000\/svg\" width=\"12\" height=\"12\" fill=\"none\" viewBox=\"0 0 12 12\">\n\t\t\t\t<path fill=\"#fff\" d=\"M2 0a2 2 0 0 0-2 2v2h1.5V2a.5.5 0 0 1 .5-.5h2V0H2Zm2 10.5H2a.5.5 0 0 1-.5-.5V8H0v2a2 2 0 0 0 2 2h2v-1.5ZM8 12v-1.5h2a.5.5 0 0 0 .5-.5V8H12v2a2 2 0 0 1-2 2H8Zm2-12a2 2 0 0 1 2 2v2h-1.5V2a.5.5 0 0 0-.5-.5H8V0h2Z\" \/>\n\t\t\t<\/svg>\n\t\t<\/button><figcaption class=\"wp-element-caption\">2006<\/figcaption><\/figure>\n\n\n\n<div style=\"height:100px\" aria-hidden=\"true\" class=\"wp-block-spacer\"><\/div>\n\n\n\n<figure data-wp-context=\"{&quot;imageId&quot;:&quot;69e76d5cb6e70&quot;}\" data-wp-interactive=\"core\/image\" data-wp-key=\"69e76d5cb6e70\" class=\"wp-block-image size-full is-resized wp-lightbox-container\"><img loading=\"lazy\" decoding=\"async\" width=\"1525\" height=\"1138\" data-wp-class--hide=\"state.isContentHidden\" data-wp-class--show=\"state.isContentVisible\" data-wp-init=\"callbacks.setButtonStyles\" data-wp-on--click=\"actions.showLightbox\" data-wp-on--load=\"callbacks.setButtonStyles\" data-wp-on-window--resize=\"callbacks.setButtonStyles\" src=\"http:\/\/cugnac.be\/wp-content\/uploads\/2022\/02\/CRW_4247.jpg\" alt=\"\" class=\"wp-image-35\" style=\"width:650px\" srcset=\"https:\/\/cugnac.be\/wp-content\/uploads\/2022\/02\/CRW_4247.jpg 1525w, https:\/\/cugnac.be\/wp-content\/uploads\/2022\/02\/CRW_4247-300x224.jpg 300w, https:\/\/cugnac.be\/wp-content\/uploads\/2022\/02\/CRW_4247-1024x764.jpg 1024w, https:\/\/cugnac.be\/wp-content\/uploads\/2022\/02\/CRW_4247-768x573.jpg 768w\" sizes=\"auto, (max-width: 1525px) 100vw, 1525px\" \/><button\n\t\t\tclass=\"lightbox-trigger\"\n\t\t\ttype=\"button\"\n\t\t\taria-haspopup=\"dialog\"\n\t\t\taria-label=\"Agrandir\"\n\t\t\tdata-wp-init=\"callbacks.initTriggerButton\"\n\t\t\tdata-wp-on--click=\"actions.showLightbox\"\n\t\t\tdata-wp-style--right=\"state.imageButtonRight\"\n\t\t\tdata-wp-style--top=\"state.imageButtonTop\"\n\t\t>\n\t\t\t<svg xmlns=\"http:\/\/www.w3.org\/2000\/svg\" width=\"12\" height=\"12\" fill=\"none\" viewBox=\"0 0 12 12\">\n\t\t\t\t<path fill=\"#fff\" d=\"M2 0a2 2 0 0 0-2 2v2h1.5V2a.5.5 0 0 1 .5-.5h2V0H2Zm2 10.5H2a.5.5 0 0 1-.5-.5V8H0v2a2 2 0 0 0 2 2h2v-1.5ZM8 12v-1.5h2a.5.5 0 0 0 .5-.5V8H12v2a2 2 0 0 1-2 2H8Zm2-12a2 2 0 0 1 2 2v2h-1.5V2a.5.5 0 0 0-.5-.5H8V0h2Z\" \/>\n\t\t\t<\/svg>\n\t\t<\/button><figcaption class=\"wp-element-caption\">2006<\/figcaption><\/figure>\n\n\n\n<div style=\"height:40px\" aria-hidden=\"true\" class=\"wp-block-spacer\"><\/div>\n\n\n\n<p class=\"has-text-color has-small-font-size\" style=\"color:#808080;font-style:normal;font-weight:400;line-height:1.2\">Est-il encore s\u00e9rieusement possible de photographier \u00e0 la chambre technique des toisons f\u00e9minines, des vagins qui pissent, est-il encore permis d\u2019exposer ailleurs que sur des march\u00e9s touristiques des couchers de soleil, et d\u2019<em>avancer dans le travail<\/em> en songeant \u00e0 <em>s\u2019attaquer<\/em> aux fleurs&nbsp;? La critique, ici, si elle se laisse elle-m\u00eame coucher comme l\u2019y incite son penchant, sera tent\u00e9e de ne rien r\u00e9pondre, de ne rien dire, et si elle parle avec cette intention, sera tr\u00e8s tent\u00e9e par un flirt avec la caricature&nbsp;: <em>\u00e0 quand la mosa\u00efque<\/em>&nbsp;?<\/p>\n\n\n\n<p class=\"has-text-color has-small-font-size\" style=\"color:#808080;font-style:normal;font-weight:400;line-height:1.2\">Et si elle se refuse au silence ou \u00e0 la caricature, son seul \u00e9chappatoire sera la <em>question<\/em>&nbsp;: ringard ou avant-garde&nbsp;?<\/p>\n\n\n\n<p class=\"has-text-color has-small-font-size\" style=\"color:#808080;font-style:normal;font-weight:400;line-height:1.2\"><em>Tout<\/em> le travail de Fabien de Cugnac tient une bonne partie de sa promesse dans une promesse qui n\u2019est pas certaine, et qui est celle de sa destruction, de la destruction d\u2019une partie importante de sa grande production.<\/p>\n\n\n\n<p class=\"has-text-color has-small-font-size\" style=\"color:#808080;font-style:normal;font-weight:400;line-height:1.2\">De n\u2019avoir pas rencontr\u00e9 la reconnaissance imm\u00e9diate, cette \u0153uvre est d\u00e9j\u00e0 confront\u00e9e \u00e0 l\u2019\u00e9preuve d\u2019un temps \u00e9trange. Aurait-elle \u00e9t\u00e9 reconnue plus t\u00f4t, elle se serait n\u00e9cessairement <em>concentr\u00e9e<\/em> sur quelques tableaux. Or, la difficult\u00e9 principale qui r\u00e9side dans la rencontre avec ce travail, c\u2019est justement sa quantit\u00e9. Trop de cieux, trop de corps, trop de noir, trop de mer, comme on veut. Trop de tableaux dont aucun ne <em>vaut<\/em> moins que le suivant. Mais cela, ce n\u2019est que le jugement de celui qui a vu l\u2019avion de pr\u00e8s, en pi\u00e8ces d\u00e9tach\u00e9es dans un hangar, en vol d\u2019essai sans cocardes, et vid\u00e9 de ses si\u00e8ges ou d\u00e9pourvu de ses syst\u00e8mes d\u2019armement.<\/p>\n\n\n\n<p class=\"has-text-color has-small-font-size\" style=\"color:#808080;font-style:normal;font-weight:400;line-height:1.2\">Cet avion, c\u2019est plut\u00f4t comme un <em>patriote<\/em> qu\u2019il faut lever les yeux vers lui, en oubliant tous ceux qui ne sont pas en l\u2019air. Les patriotes connaissent les codes de la critique, et ils savent choisir le moment de s\u2019\u00e9crier&nbsp;<em>vive la nation<\/em>&nbsp;: quand les avions d\u00e9chirent le ciel en y tra\u00e7ant les couleurs d\u2019un pays, le blason d\u2019une famille. Pour applaudir douze d\u00e9tails de corps de femme, et huit couchers de soleil, une escadrille.<\/p>\n\n\n\n<p class=\"has-text-color has-small-font-size\" style=\"color:#808080;line-height:1.2\">Bruno Wajskop,<br>Juillet 2006<\/p>\n\n\n\n<div style=\"height:40px\" aria-hidden=\"true\" class=\"wp-block-spacer\"><\/div>\n\n\n\n<figure data-wp-context=\"{&quot;imageId&quot;:&quot;69e76d5cb7599&quot;}\" data-wp-interactive=\"core\/image\" data-wp-key=\"69e76d5cb7599\" class=\"wp-block-image size-full is-resized wp-lightbox-container\"><img loading=\"lazy\" decoding=\"async\" width=\"1536\" height=\"1152\" data-wp-class--hide=\"state.isContentHidden\" data-wp-class--show=\"state.isContentVisible\" data-wp-init=\"callbacks.setButtonStyles\" data-wp-on--click=\"actions.showLightbox\" data-wp-on--load=\"callbacks.setButtonStyles\" data-wp-on-window--resize=\"callbacks.setButtonStyles\" src=\"http:\/\/cugnac.be\/wp-content\/uploads\/2022\/02\/CRW_3570-2.jpg\" alt=\"\" class=\"wp-image-29\" style=\"width:650px\" srcset=\"https:\/\/cugnac.be\/wp-content\/uploads\/2022\/02\/CRW_3570-2.jpg 1536w, https:\/\/cugnac.be\/wp-content\/uploads\/2022\/02\/CRW_3570-2-300x225.jpg 300w, https:\/\/cugnac.be\/wp-content\/uploads\/2022\/02\/CRW_3570-2-1024x768.jpg 1024w, https:\/\/cugnac.be\/wp-content\/uploads\/2022\/02\/CRW_3570-2-768x576.jpg 768w\" sizes=\"auto, (max-width: 1536px) 100vw, 1536px\" \/><button\n\t\t\tclass=\"lightbox-trigger\"\n\t\t\ttype=\"button\"\n\t\t\taria-haspopup=\"dialog\"\n\t\t\taria-label=\"Agrandir\"\n\t\t\tdata-wp-init=\"callbacks.initTriggerButton\"\n\t\t\tdata-wp-on--click=\"actions.showLightbox\"\n\t\t\tdata-wp-style--right=\"state.imageButtonRight\"\n\t\t\tdata-wp-style--top=\"state.imageButtonTop\"\n\t\t>\n\t\t\t<svg xmlns=\"http:\/\/www.w3.org\/2000\/svg\" width=\"12\" height=\"12\" fill=\"none\" viewBox=\"0 0 12 12\">\n\t\t\t\t<path fill=\"#fff\" d=\"M2 0a2 2 0 0 0-2 2v2h1.5V2a.5.5 0 0 1 .5-.5h2V0H2Zm2 10.5H2a.5.5 0 0 1-.5-.5V8H0v2a2 2 0 0 0 2 2h2v-1.5ZM8 12v-1.5h2a.5.5 0 0 0 .5-.5V8H12v2a2 2 0 0 1-2 2H8Zm2-12a2 2 0 0 1 2 2v2h-1.5V2a.5.5 0 0 0-.5-.5H8V0h2Z\" \/>\n\t\t\t<\/svg>\n\t\t<\/button><figcaption class=\"wp-element-caption\">2006<\/figcaption><\/figure>\n\n\n\n<div style=\"height:100px\" aria-hidden=\"true\" class=\"wp-block-spacer\"><\/div>\n\n\n\n<figure data-wp-context=\"{&quot;imageId&quot;:&quot;69e76d5cb7b58&quot;}\" data-wp-interactive=\"core\/image\" data-wp-key=\"69e76d5cb7b58\" class=\"wp-block-image size-full is-resized wp-lightbox-container\"><img loading=\"lazy\" decoding=\"async\" width=\"1512\" height=\"1115\" data-wp-class--hide=\"state.isContentHidden\" data-wp-class--show=\"state.isContentVisible\" data-wp-init=\"callbacks.setButtonStyles\" data-wp-on--click=\"actions.showLightbox\" data-wp-on--load=\"callbacks.setButtonStyles\" data-wp-on-window--resize=\"callbacks.setButtonStyles\" src=\"http:\/\/cugnac.be\/wp-content\/uploads\/2022\/02\/CRW_0535-5-water.jpg\" alt=\"\" class=\"wp-image-40\" style=\"width:650px\" srcset=\"https:\/\/cugnac.be\/wp-content\/uploads\/2022\/02\/CRW_0535-5-water.jpg 1512w, https:\/\/cugnac.be\/wp-content\/uploads\/2022\/02\/CRW_0535-5-water-300x221.jpg 300w, https:\/\/cugnac.be\/wp-content\/uploads\/2022\/02\/CRW_0535-5-water-1024x755.jpg 1024w, https:\/\/cugnac.be\/wp-content\/uploads\/2022\/02\/CRW_0535-5-water-768x566.jpg 768w\" sizes=\"auto, (max-width: 1512px) 100vw, 1512px\" \/><button\n\t\t\tclass=\"lightbox-trigger\"\n\t\t\ttype=\"button\"\n\t\t\taria-haspopup=\"dialog\"\n\t\t\taria-label=\"Agrandir\"\n\t\t\tdata-wp-init=\"callbacks.initTriggerButton\"\n\t\t\tdata-wp-on--click=\"actions.showLightbox\"\n\t\t\tdata-wp-style--right=\"state.imageButtonRight\"\n\t\t\tdata-wp-style--top=\"state.imageButtonTop\"\n\t\t>\n\t\t\t<svg xmlns=\"http:\/\/www.w3.org\/2000\/svg\" width=\"12\" height=\"12\" fill=\"none\" viewBox=\"0 0 12 12\">\n\t\t\t\t<path fill=\"#fff\" d=\"M2 0a2 2 0 0 0-2 2v2h1.5V2a.5.5 0 0 1 .5-.5h2V0H2Zm2 10.5H2a.5.5 0 0 1-.5-.5V8H0v2a2 2 0 0 0 2 2h2v-1.5ZM8 12v-1.5h2a.5.5 0 0 0 .5-.5V8H12v2a2 2 0 0 1-2 2H8Zm2-12a2 2 0 0 1 2 2v2h-1.5V2a.5.5 0 0 0-.5-.5H8V0h2Z\" \/>\n\t\t\t<\/svg>\n\t\t<\/button><figcaption class=\"wp-element-caption\">2006<\/figcaption><\/figure>\n\n\n\n<div style=\"height:100px\" aria-hidden=\"true\" class=\"wp-block-spacer\"><\/div>\n\n\n\n<figure data-wp-context=\"{&quot;imageId&quot;:&quot;69e76d5cb8095&quot;}\" data-wp-interactive=\"core\/image\" data-wp-key=\"69e76d5cb8095\" class=\"wp-block-image size-full is-resized wp-lightbox-container\"><img loading=\"lazy\" decoding=\"async\" width=\"1536\" height=\"1152\" data-wp-class--hide=\"state.isContentHidden\" data-wp-class--show=\"state.isContentVisible\" data-wp-init=\"callbacks.setButtonStyles\" data-wp-on--click=\"actions.showLightbox\" data-wp-on--load=\"callbacks.setButtonStyles\" data-wp-on-window--resize=\"callbacks.setButtonStyles\" src=\"http:\/\/cugnac.be\/wp-content\/uploads\/2022\/02\/CRW_2438.jpg\" alt=\"\" class=\"wp-image-33\" style=\"width:650px\" srcset=\"https:\/\/cugnac.be\/wp-content\/uploads\/2022\/02\/CRW_2438.jpg 1536w, https:\/\/cugnac.be\/wp-content\/uploads\/2022\/02\/CRW_2438-300x225.jpg 300w, https:\/\/cugnac.be\/wp-content\/uploads\/2022\/02\/CRW_2438-1024x768.jpg 1024w, https:\/\/cugnac.be\/wp-content\/uploads\/2022\/02\/CRW_2438-768x576.jpg 768w\" sizes=\"auto, (max-width: 1536px) 100vw, 1536px\" \/><button\n\t\t\tclass=\"lightbox-trigger\"\n\t\t\ttype=\"button\"\n\t\t\taria-haspopup=\"dialog\"\n\t\t\taria-label=\"Agrandir\"\n\t\t\tdata-wp-init=\"callbacks.initTriggerButton\"\n\t\t\tdata-wp-on--click=\"actions.showLightbox\"\n\t\t\tdata-wp-style--right=\"state.imageButtonRight\"\n\t\t\tdata-wp-style--top=\"state.imageButtonTop\"\n\t\t>\n\t\t\t<svg xmlns=\"http:\/\/www.w3.org\/2000\/svg\" width=\"12\" height=\"12\" fill=\"none\" viewBox=\"0 0 12 12\">\n\t\t\t\t<path fill=\"#fff\" d=\"M2 0a2 2 0 0 0-2 2v2h1.5V2a.5.5 0 0 1 .5-.5h2V0H2Zm2 10.5H2a.5.5 0 0 1-.5-.5V8H0v2a2 2 0 0 0 2 2h2v-1.5ZM8 12v-1.5h2a.5.5 0 0 0 .5-.5V8H12v2a2 2 0 0 1-2 2H8Zm2-12a2 2 0 0 1 2 2v2h-1.5V2a.5.5 0 0 0-.5-.5H8V0h2Z\" \/>\n\t\t\t<\/svg>\n\t\t<\/button><figcaption class=\"wp-element-caption\">2006<\/figcaption><\/figure>\n\n\n\n<div style=\"height:100px\" aria-hidden=\"true\" class=\"wp-block-spacer\"><\/div>\n\n\n\n<figure data-wp-context=\"{&quot;imageId&quot;:&quot;69e76d5cb85da&quot;}\" data-wp-interactive=\"core\/image\" data-wp-key=\"69e76d5cb85da\" class=\"wp-block-image size-full is-resized wp-lightbox-container\"><img loading=\"lazy\" decoding=\"async\" width=\"1519\" height=\"1129\" data-wp-class--hide=\"state.isContentHidden\" data-wp-class--show=\"state.isContentVisible\" data-wp-init=\"callbacks.setButtonStyles\" data-wp-on--click=\"actions.showLightbox\" data-wp-on--load=\"callbacks.setButtonStyles\" data-wp-on-window--resize=\"callbacks.setButtonStyles\" src=\"http:\/\/cugnac.be\/wp-content\/uploads\/2022\/02\/CRW_3457-4.jpg\" alt=\"\" class=\"wp-image-30\" style=\"width:650px\" srcset=\"https:\/\/cugnac.be\/wp-content\/uploads\/2022\/02\/CRW_3457-4.jpg 1519w, https:\/\/cugnac.be\/wp-content\/uploads\/2022\/02\/CRW_3457-4-300x223.jpg 300w, https:\/\/cugnac.be\/wp-content\/uploads\/2022\/02\/CRW_3457-4-1024x761.jpg 1024w, https:\/\/cugnac.be\/wp-content\/uploads\/2022\/02\/CRW_3457-4-768x571.jpg 768w\" sizes=\"auto, (max-width: 1519px) 100vw, 1519px\" \/><button\n\t\t\tclass=\"lightbox-trigger\"\n\t\t\ttype=\"button\"\n\t\t\taria-haspopup=\"dialog\"\n\t\t\taria-label=\"Agrandir\"\n\t\t\tdata-wp-init=\"callbacks.initTriggerButton\"\n\t\t\tdata-wp-on--click=\"actions.showLightbox\"\n\t\t\tdata-wp-style--right=\"state.imageButtonRight\"\n\t\t\tdata-wp-style--top=\"state.imageButtonTop\"\n\t\t>\n\t\t\t<svg xmlns=\"http:\/\/www.w3.org\/2000\/svg\" width=\"12\" height=\"12\" fill=\"none\" viewBox=\"0 0 12 12\">\n\t\t\t\t<path fill=\"#fff\" d=\"M2 0a2 2 0 0 0-2 2v2h1.5V2a.5.5 0 0 1 .5-.5h2V0H2Zm2 10.5H2a.5.5 0 0 1-.5-.5V8H0v2a2 2 0 0 0 2 2h2v-1.5ZM8 12v-1.5h2a.5.5 0 0 0 .5-.5V8H12v2a2 2 0 0 1-2 2H8Zm2-12a2 2 0 0 1 2 2v2h-1.5V2a.5.5 0 0 0-.5-.5H8V0h2Z\" \/>\n\t\t\t<\/svg>\n\t\t<\/button><figcaption class=\"wp-element-caption\">2006<\/figcaption><\/figure>\n\n\n\n<div style=\"height:100px\" aria-hidden=\"true\" class=\"wp-block-spacer\"><\/div>\n\n\n\n<figure data-wp-context=\"{&quot;imageId&quot;:&quot;69e76d5cb8ba9&quot;}\" data-wp-interactive=\"core\/image\" data-wp-key=\"69e76d5cb8ba9\" class=\"wp-block-image size-full is-resized wp-lightbox-container\"><img loading=\"lazy\" decoding=\"async\" width=\"2560\" height=\"1919\" data-wp-class--hide=\"state.isContentHidden\" data-wp-class--show=\"state.isContentVisible\" data-wp-init=\"callbacks.setButtonStyles\" data-wp-on--click=\"actions.showLightbox\" data-wp-on--load=\"callbacks.setButtonStyles\" data-wp-on-window--resize=\"callbacks.setButtonStyles\" src=\"http:\/\/cugnac.be\/wp-content\/uploads\/2022\/02\/CRW_4601-8-copy-scaled.jpg\" alt=\"\" class=\"wp-image-47\" style=\"width:650px\" srcset=\"https:\/\/cugnac.be\/wp-content\/uploads\/2022\/02\/CRW_4601-8-copy-scaled.jpg 2560w, https:\/\/cugnac.be\/wp-content\/uploads\/2022\/02\/CRW_4601-8-copy-300x225.jpg 300w, https:\/\/cugnac.be\/wp-content\/uploads\/2022\/02\/CRW_4601-8-copy-1024x767.jpg 1024w, https:\/\/cugnac.be\/wp-content\/uploads\/2022\/02\/CRW_4601-8-copy-768x576.jpg 768w, https:\/\/cugnac.be\/wp-content\/uploads\/2022\/02\/CRW_4601-8-copy-1536x1151.jpg 1536w, https:\/\/cugnac.be\/wp-content\/uploads\/2022\/02\/CRW_4601-8-copy-2048x1535.jpg 2048w\" sizes=\"auto, (max-width: 2560px) 100vw, 2560px\" \/><button\n\t\t\tclass=\"lightbox-trigger\"\n\t\t\ttype=\"button\"\n\t\t\taria-haspopup=\"dialog\"\n\t\t\taria-label=\"Agrandir\"\n\t\t\tdata-wp-init=\"callbacks.initTriggerButton\"\n\t\t\tdata-wp-on--click=\"actions.showLightbox\"\n\t\t\tdata-wp-style--right=\"state.imageButtonRight\"\n\t\t\tdata-wp-style--top=\"state.imageButtonTop\"\n\t\t>\n\t\t\t<svg xmlns=\"http:\/\/www.w3.org\/2000\/svg\" width=\"12\" height=\"12\" fill=\"none\" viewBox=\"0 0 12 12\">\n\t\t\t\t<path fill=\"#fff\" d=\"M2 0a2 2 0 0 0-2 2v2h1.5V2a.5.5 0 0 1 .5-.5h2V0H2Zm2 10.5H2a.5.5 0 0 1-.5-.5V8H0v2a2 2 0 0 0 2 2h2v-1.5ZM8 12v-1.5h2a.5.5 0 0 0 .5-.5V8H12v2a2 2 0 0 1-2 2H8Zm2-12a2 2 0 0 1 2 2v2h-1.5V2a.5.5 0 0 0-.5-.5H8V0h2Z\" \/>\n\t\t\t<\/svg>\n\t\t<\/button><figcaption class=\"wp-element-caption\">2006<\/figcaption><\/figure>\n\n\n\n<div style=\"height:40px\" aria-hidden=\"true\" class=\"wp-block-spacer\"><\/div>\n\n\n<nav style=\"color: #808080; font-style:normal;font-weight:300;line-height:1.2;\" class=\"has-text-color has-small-font-size items-justified-left is-vertical wp-block-navigation is-content-justification-left is-layout-flex wp-container-core-navigation-is-layout-f40d5164 wp-block-navigation-is-layout-flex\" aria-label=\"Navigation En-t\u00eate\"><ul style=\"color: #808080; font-style:normal;font-weight:300;line-height:1.2;\" class=\"wp-block-navigation__container has-text-color has-small-font-size items-justified-left is-vertical wp-block-navigation has-small-font-size\"><li class=\"has-small-font-size wp-block-navigation-item wp-block-navigation-link\"><a class=\"wp-block-navigation-item__content\"  href=\"http:\/\/cugnac.be\/index.php\/expositions\"><span class=\"wp-block-navigation-item__label\"><strong>Expositions<\/strong><\/span><\/a><\/li><li class=\"has-small-font-size wp-block-navigation-item wp-block-navigation-link\"><a class=\"wp-block-navigation-item__content\"  href=\"http:\/\/Catalogues\"><span class=\"wp-block-navigation-item__label\">Catalogues<\/span><\/a><\/li><li class=\"has-small-font-size wp-block-navigation-item wp-block-navigation-link\"><a class=\"wp-block-navigation-item__content\"  href=\"http:\/\/2025-2026\"><span class=\"wp-block-navigation-item__label\">2025-2026<\/span><\/a><\/li><li class=\"has-small-font-size wp-block-navigation-item wp-block-navigation-link\"><a class=\"wp-block-navigation-item__content\"  href=\"http:\/\/cugnac.be\/index.php\/selfies-et-moi-et-moi-et-moi\/\"><span class=\"wp-block-navigation-item__label\">2018-2024<\/span><\/a><\/li><li class=\"has-small-font-size wp-block-navigation-item wp-block-navigation-link\"><a class=\"wp-block-navigation-item__content\"  href=\"http:\/\/cugnac.be\/index.php\/antipodes-2\/\"><span class=\"wp-block-navigation-item__label\"><em>2007-2012<\/em><\/span><\/a><\/li><li class=\"has-small-font-size wp-block-navigation-item wp-block-navigation-link\"><a class=\"wp-block-navigation-item__content\"  href=\"http:\/\/cugnac.be\/index.php\/vice-et-vertu\/\"><span class=\"wp-block-navigation-item__label\">2005-2007<\/span><\/a><\/li><li class=\"has-small-font-size wp-block-navigation-item wp-block-navigation-link\"><a class=\"wp-block-navigation-item__content\"  href=\"http:\/\/cugnac.be\/index.php\/le-fond-des-choses\/\"><span class=\"wp-block-navigation-item__label\"><em>2000-2005<\/em><\/span><\/a><\/li><li class=\"has-small-font-size wp-block-navigation-item wp-block-navigation-link\"><a class=\"wp-block-navigation-item__content\"  href=\"http:\/\/cugnac.be\/index.php\/un-peu-dhistoire\/\"><span class=\"wp-block-navigation-item__label\"><em>Un peu d\u2019histoire\u2026 1980-2018<\/em><\/span><\/a><\/li><li class=\"has-small-font-size wp-block-navigation-item wp-block-navigation-link\"><a class=\"wp-block-navigation-item__content\"  href=\"http:\/\/cugnac.be\/index.php\/contact-2\/\"><span class=\"wp-block-navigation-item__label\"><strong>Contact<\/strong><\/span><\/a><\/li><\/ul><\/nav>","protected":false},"excerpt":{"rendered":"<p>2005-2007 AVION \u00c0 R\u00c9ACTION Je tiens pour certain que Fabien de Cugnac est un avion \u00e0 r\u00e9action, et je pr\u00e9f\u00e8re m\u2019empresser de l\u2019ass\u00e9ner ici plut\u00f4t que de le r\u00e9v\u00e9ler au terme d\u2019un long d\u00e9veloppement. Fabien de Cugnac est un avion \u00e0 r\u00e9action, et qu\u2019il n\u2019en sache rien ne doit pas nous voiler ce d\u00e9sir qui [&hellip;]<\/p>\n","protected":false},"author":1,"featured_media":0,"parent":0,"menu_order":0,"comment_status":"closed","ping_status":"closed","template":"page-no-separators","meta":{"footnotes":""},"class_list":["post-119","page","type-page","status-publish","hentry"],"_links":{"self":[{"href":"https:\/\/cugnac.be\/index.php\/wp-json\/wp\/v2\/pages\/119","targetHints":{"allow":["GET"]}}],"collection":[{"href":"https:\/\/cugnac.be\/index.php\/wp-json\/wp\/v2\/pages"}],"about":[{"href":"https:\/\/cugnac.be\/index.php\/wp-json\/wp\/v2\/types\/page"}],"author":[{"embeddable":true,"href":"https:\/\/cugnac.be\/index.php\/wp-json\/wp\/v2\/users\/1"}],"replies":[{"embeddable":true,"href":"https:\/\/cugnac.be\/index.php\/wp-json\/wp\/v2\/comments?post=119"}],"version-history":[{"count":17,"href":"https:\/\/cugnac.be\/index.php\/wp-json\/wp\/v2\/pages\/119\/revisions"}],"predecessor-version":[{"id":2494,"href":"https:\/\/cugnac.be\/index.php\/wp-json\/wp\/v2\/pages\/119\/revisions\/2494"}],"wp:attachment":[{"href":"https:\/\/cugnac.be\/index.php\/wp-json\/wp\/v2\/media?parent=119"}],"curies":[{"name":"wp","href":"https:\/\/api.w.org\/{rel}","templated":true}]}}