{"id":160,"date":"2022-02-24T15:32:52","date_gmt":"2022-02-24T14:32:52","guid":{"rendered":"http:\/\/cugnac.be\/?page_id=160"},"modified":"2024-01-08T19:58:44","modified_gmt":"2024-01-08T18:58:44","slug":"maisons-de-famille","status":"publish","type":"page","link":"https:\/\/cugnac.be\/index.php\/maisons-de-famille\/","title":{"rendered":"\u00ab\u00a0Maisons de famille\u00a0\u00bb"},"content":{"rendered":"\n<p class=\"has-text-color\" style=\"color:#808080\">En symbiose avec Nicolas d&rsquo;Ursel  \u2022  2016-2018<\/p>\n\n\n\n<div style=\"height:25px\" aria-hidden=\"true\" class=\"wp-block-spacer\"><\/div>\n\n\n\n<figure data-wp-context=\"{&quot;imageId&quot;:&quot;69db4f4057520&quot;}\" data-wp-interactive=\"core\/image\" data-wp-key=\"69db4f4057520\" class=\"wp-block-image size-large is-resized wp-lightbox-container\"><img loading=\"lazy\" decoding=\"async\" width=\"944\" height=\"1024\" data-wp-class--hide=\"state.isContentHidden\" data-wp-class--show=\"state.isContentVisible\" data-wp-init=\"callbacks.setButtonStyles\" data-wp-on--click=\"actions.showLightbox\" data-wp-on--load=\"callbacks.setButtonStyles\" data-wp-on-window--resize=\"callbacks.setButtonStyles\" src=\"http:\/\/cugnac.be\/wp-content\/uploads\/2022\/02\/Toile_MG_5578-944x1024.jpg\" alt=\"\" class=\"wp-image-68\" style=\"width:650px\" srcset=\"https:\/\/cugnac.be\/wp-content\/uploads\/2022\/02\/Toile_MG_5578-944x1024.jpg 944w, https:\/\/cugnac.be\/wp-content\/uploads\/2022\/02\/Toile_MG_5578-276x300.jpg 276w, https:\/\/cugnac.be\/wp-content\/uploads\/2022\/02\/Toile_MG_5578-768x833.jpg 768w, https:\/\/cugnac.be\/wp-content\/uploads\/2022\/02\/Toile_MG_5578-1416x1536.jpg 1416w, https:\/\/cugnac.be\/wp-content\/uploads\/2022\/02\/Toile_MG_5578-1888x2048.jpg 1888w, https:\/\/cugnac.be\/wp-content\/uploads\/2022\/02\/Toile_MG_5578.jpg 2000w\" sizes=\"auto, (max-width: 944px) 100vw, 944px\" \/><button\n\t\t\tclass=\"lightbox-trigger\"\n\t\t\ttype=\"button\"\n\t\t\taria-haspopup=\"dialog\"\n\t\t\taria-label=\"Agrandir\"\n\t\t\tdata-wp-init=\"callbacks.initTriggerButton\"\n\t\t\tdata-wp-on--click=\"actions.showLightbox\"\n\t\t\tdata-wp-style--right=\"state.imageButtonRight\"\n\t\t\tdata-wp-style--top=\"state.imageButtonTop\"\n\t\t>\n\t\t\t<svg xmlns=\"http:\/\/www.w3.org\/2000\/svg\" width=\"12\" height=\"12\" fill=\"none\" viewBox=\"0 0 12 12\">\n\t\t\t\t<path fill=\"#fff\" d=\"M2 0a2 2 0 0 0-2 2v2h1.5V2a.5.5 0 0 1 .5-.5h2V0H2Zm2 10.5H2a.5.5 0 0 1-.5-.5V8H0v2a2 2 0 0 0 2 2h2v-1.5ZM8 12v-1.5h2a.5.5 0 0 0 .5-.5V8H12v2a2 2 0 0 1-2 2H8Zm2-12a2 2 0 0 1 2 2v2h-1.5V2a.5.5 0 0 0-.5-.5H8V0h2Z\" \/>\n\t\t\t<\/svg>\n\t\t<\/button><figcaption class=\"wp-element-caption\">Au ch\u00e2teau d&rsquo;Hodoumont (toile)<\/figcaption><\/figure>\n\n\n\n<div style=\"height:30px\" aria-hidden=\"true\" class=\"wp-block-spacer\"><\/div>\n\n\n\n<p class=\"has-text-color has-small-font-size\" style=\"color:#808080;font-style:normal;font-weight:300;line-height:1.2\">Le propri\u00e9taire de l&rsquo;h\u00f4tel Alfred Sommier \u00e0 Paris, Richard de Warren, h\u00e9ritier d&rsquo;une longue tradition, souhaite y accueillir ses h\u00f4tes comme il se ferait dans une maison de famille. <\/p>\n\n\n\n<p class=\"has-text-color has-small-font-size\" style=\"color:#808080;font-style:normal;font-weight:300;line-height:1.2\">Nous avons repris ce th\u00e8me des \u00ab\u00a0Maisons de Famille\u00a0\u00bb pour r\u00e9aliser les \u0153uvres qui d\u00e9corent les quatre-vingt chambres de l&rsquo;h\u00f4tel.<br>Alliant nouvelles technologies, \u00e9l\u00e9gance et tradition, les photographies prises dans les <em>maisons de familles<\/em> sont imprim\u00e9es sous plexiglas.<\/p>\n\n\n\n<div style=\"height:60px\" aria-hidden=\"true\" class=\"wp-block-spacer\"><\/div>\n\n\n\n<figure data-wp-context=\"{&quot;imageId&quot;:&quot;69db4f4057af1&quot;}\" data-wp-interactive=\"core\/image\" data-wp-key=\"69db4f4057af1\" class=\"wp-block-image size-large is-resized wp-lightbox-container\"><img loading=\"lazy\" decoding=\"async\" width=\"1024\" height=\"683\" data-wp-class--hide=\"state.isContentHidden\" data-wp-class--show=\"state.isContentVisible\" data-wp-init=\"callbacks.setButtonStyles\" data-wp-on--click=\"actions.showLightbox\" data-wp-on--load=\"callbacks.setButtonStyles\" data-wp-on-window--resize=\"callbacks.setButtonStyles\" src=\"http:\/\/cugnac.be\/wp-content\/uploads\/2022\/02\/507_MG_5727-1024x683.jpg\" alt=\"\" class=\"wp-image-178\" style=\"width:650px\" srcset=\"https:\/\/cugnac.be\/wp-content\/uploads\/2022\/02\/507_MG_5727-1024x683.jpg 1024w, https:\/\/cugnac.be\/wp-content\/uploads\/2022\/02\/507_MG_5727-300x200.jpg 300w, https:\/\/cugnac.be\/wp-content\/uploads\/2022\/02\/507_MG_5727-768x512.jpg 768w, https:\/\/cugnac.be\/wp-content\/uploads\/2022\/02\/507_MG_5727-1536x1024.jpg 1536w, https:\/\/cugnac.be\/wp-content\/uploads\/2022\/02\/507_MG_5727-2048x1365.jpg 2048w\" sizes=\"auto, (max-width: 1024px) 100vw, 1024px\" \/><button\n\t\t\tclass=\"lightbox-trigger\"\n\t\t\ttype=\"button\"\n\t\t\taria-haspopup=\"dialog\"\n\t\t\taria-label=\"Agrandir\"\n\t\t\tdata-wp-init=\"callbacks.initTriggerButton\"\n\t\t\tdata-wp-on--click=\"actions.showLightbox\"\n\t\t\tdata-wp-style--right=\"state.imageButtonRight\"\n\t\t\tdata-wp-style--top=\"state.imageButtonTop\"\n\t\t>\n\t\t\t<svg xmlns=\"http:\/\/www.w3.org\/2000\/svg\" width=\"12\" height=\"12\" fill=\"none\" viewBox=\"0 0 12 12\">\n\t\t\t\t<path fill=\"#fff\" d=\"M2 0a2 2 0 0 0-2 2v2h1.5V2a.5.5 0 0 1 .5-.5h2V0H2Zm2 10.5H2a.5.5 0 0 1-.5-.5V8H0v2a2 2 0 0 0 2 2h2v-1.5ZM8 12v-1.5h2a.5.5 0 0 0 .5-.5V8H12v2a2 2 0 0 1-2 2H8Zm2-12a2 2 0 0 1 2 2v2h-1.5V2a.5.5 0 0 0-.5-.5H8V0h2Z\" \/>\n\t\t\t<\/svg>\n\t\t<\/button><figcaption class=\"wp-element-caption\">Chambre 507<\/figcaption><\/figure>\n\n\n\n<div style=\"height:100px\" aria-hidden=\"true\" class=\"wp-block-spacer\"><\/div>\n\n\n\n<figure data-wp-context=\"{&quot;imageId&quot;:&quot;69db4f4057ee9&quot;}\" data-wp-interactive=\"core\/image\" data-wp-key=\"69db4f4057ee9\" class=\"wp-block-image size-large is-resized wp-lightbox-container\"><img loading=\"lazy\" decoding=\"async\" width=\"683\" height=\"1024\" data-wp-class--hide=\"state.isContentHidden\" data-wp-class--show=\"state.isContentVisible\" data-wp-init=\"callbacks.setButtonStyles\" data-wp-on--click=\"actions.showLightbox\" data-wp-on--load=\"callbacks.setButtonStyles\" data-wp-on-window--resize=\"callbacks.setButtonStyles\" src=\"http:\/\/cugnac.be\/wp-content\/uploads\/2022\/02\/E3_MG_5534-683x1024.jpg\" alt=\"\" class=\"wp-image-170\" style=\"width:650px\" srcset=\"https:\/\/cugnac.be\/wp-content\/uploads\/2022\/02\/E3_MG_5534-683x1024.jpg 683w, https:\/\/cugnac.be\/wp-content\/uploads\/2022\/02\/E3_MG_5534-200x300.jpg 200w, https:\/\/cugnac.be\/wp-content\/uploads\/2022\/02\/E3_MG_5534-768x1152.jpg 768w, https:\/\/cugnac.be\/wp-content\/uploads\/2022\/02\/E3_MG_5534-1024x1536.jpg 1024w, https:\/\/cugnac.be\/wp-content\/uploads\/2022\/02\/E3_MG_5534-1366x2048.jpg 1366w, https:\/\/cugnac.be\/wp-content\/uploads\/2022\/02\/E3_MG_5534.jpg 1467w\" sizes=\"auto, (max-width: 683px) 100vw, 683px\" \/><button\n\t\t\tclass=\"lightbox-trigger\"\n\t\t\ttype=\"button\"\n\t\t\taria-haspopup=\"dialog\"\n\t\t\taria-label=\"Agrandir\"\n\t\t\tdata-wp-init=\"callbacks.initTriggerButton\"\n\t\t\tdata-wp-on--click=\"actions.showLightbox\"\n\t\t\tdata-wp-style--right=\"state.imageButtonRight\"\n\t\t\tdata-wp-style--top=\"state.imageButtonTop\"\n\t\t>\n\t\t\t<svg xmlns=\"http:\/\/www.w3.org\/2000\/svg\" width=\"12\" height=\"12\" fill=\"none\" viewBox=\"0 0 12 12\">\n\t\t\t\t<path fill=\"#fff\" d=\"M2 0a2 2 0 0 0-2 2v2h1.5V2a.5.5 0 0 1 .5-.5h2V0H2Zm2 10.5H2a.5.5 0 0 1-.5-.5V8H0v2a2 2 0 0 0 2 2h2v-1.5ZM8 12v-1.5h2a.5.5 0 0 0 .5-.5V8H12v2a2 2 0 0 1-2 2H8Zm2-12a2 2 0 0 1 2 2v2h-1.5V2a.5.5 0 0 0-.5-.5H8V0h2Z\" \/>\n\t\t\t<\/svg>\n\t\t<\/button><figcaption class=\"wp-element-caption\">Chambre E3<\/figcaption><\/figure>\n\n\n\n<div style=\"height:100px\" aria-hidden=\"true\" class=\"wp-block-spacer\"><\/div>\n\n\n\n<figure data-wp-context=\"{&quot;imageId&quot;:&quot;69db4f4058346&quot;}\" data-wp-interactive=\"core\/image\" data-wp-key=\"69db4f4058346\" class=\"wp-block-image size-large is-resized wp-lightbox-container\"><img loading=\"lazy\" decoding=\"async\" width=\"1024\" height=\"749\" data-wp-class--hide=\"state.isContentHidden\" data-wp-class--show=\"state.isContentVisible\" data-wp-init=\"callbacks.setButtonStyles\" data-wp-on--click=\"actions.showLightbox\" data-wp-on--load=\"callbacks.setButtonStyles\" data-wp-on-window--resize=\"callbacks.setButtonStyles\" src=\"http:\/\/cugnac.be\/wp-content\/uploads\/2022\/02\/20180329_115649-bis-mini-1024x749.jpg\" alt=\"\" class=\"wp-image-183\" style=\"width:650px\" srcset=\"https:\/\/cugnac.be\/wp-content\/uploads\/2022\/02\/20180329_115649-bis-mini-1024x749.jpg 1024w, https:\/\/cugnac.be\/wp-content\/uploads\/2022\/02\/20180329_115649-bis-mini-300x219.jpg 300w, https:\/\/cugnac.be\/wp-content\/uploads\/2022\/02\/20180329_115649-bis-mini-768x561.jpg 768w, https:\/\/cugnac.be\/wp-content\/uploads\/2022\/02\/20180329_115649-bis-mini-1536x1123.jpg 1536w, https:\/\/cugnac.be\/wp-content\/uploads\/2022\/02\/20180329_115649-bis-mini.jpg 2000w\" sizes=\"auto, (max-width: 1024px) 100vw, 1024px\" \/><button\n\t\t\tclass=\"lightbox-trigger\"\n\t\t\ttype=\"button\"\n\t\t\taria-haspopup=\"dialog\"\n\t\t\taria-label=\"Agrandir\"\n\t\t\tdata-wp-init=\"callbacks.initTriggerButton\"\n\t\t\tdata-wp-on--click=\"actions.showLightbox\"\n\t\t\tdata-wp-style--right=\"state.imageButtonRight\"\n\t\t\tdata-wp-style--top=\"state.imageButtonTop\"\n\t\t>\n\t\t\t<svg xmlns=\"http:\/\/www.w3.org\/2000\/svg\" width=\"12\" height=\"12\" fill=\"none\" viewBox=\"0 0 12 12\">\n\t\t\t\t<path fill=\"#fff\" d=\"M2 0a2 2 0 0 0-2 2v2h1.5V2a.5.5 0 0 1 .5-.5h2V0H2Zm2 10.5H2a.5.5 0 0 1-.5-.5V8H0v2a2 2 0 0 0 2 2h2v-1.5ZM8 12v-1.5h2a.5.5 0 0 0 .5-.5V8H12v2a2 2 0 0 1-2 2H8Zm2-12a2 2 0 0 1 2 2v2h-1.5V2a.5.5 0 0 0-.5-.5H8V0h2Z\" \/>\n\t\t\t<\/svg>\n\t\t<\/button><figcaption class=\"wp-element-caption\">Chambre 207<\/figcaption><\/figure>\n\n\n\n<div style=\"height:100px\" aria-hidden=\"true\" class=\"wp-block-spacer\"><\/div>\n\n\n\n<figure data-wp-context=\"{&quot;imageId&quot;:&quot;69db4f405873e&quot;}\" data-wp-interactive=\"core\/image\" data-wp-key=\"69db4f405873e\" class=\"wp-block-image size-large is-resized wp-lightbox-container\"><img loading=\"lazy\" decoding=\"async\" width=\"1024\" height=\"683\" data-wp-class--hide=\"state.isContentHidden\" data-wp-class--show=\"state.isContentVisible\" data-wp-init=\"callbacks.setButtonStyles\" data-wp-on--click=\"actions.showLightbox\" data-wp-on--load=\"callbacks.setButtonStyles\" data-wp-on-window--resize=\"callbacks.setButtonStyles\" src=\"http:\/\/cugnac.be\/wp-content\/uploads\/2022\/02\/201_MG_5720-1024x683.jpg\" alt=\"\" class=\"wp-image-166\" style=\"width:650px\" srcset=\"https:\/\/cugnac.be\/wp-content\/uploads\/2022\/02\/201_MG_5720-1024x683.jpg 1024w, https:\/\/cugnac.be\/wp-content\/uploads\/2022\/02\/201_MG_5720-300x200.jpg 300w, https:\/\/cugnac.be\/wp-content\/uploads\/2022\/02\/201_MG_5720-768x512.jpg 768w, https:\/\/cugnac.be\/wp-content\/uploads\/2022\/02\/201_MG_5720-1536x1024.jpg 1536w, https:\/\/cugnac.be\/wp-content\/uploads\/2022\/02\/201_MG_5720-2048x1366.jpg 2048w\" sizes=\"auto, (max-width: 1024px) 100vw, 1024px\" \/><button\n\t\t\tclass=\"lightbox-trigger\"\n\t\t\ttype=\"button\"\n\t\t\taria-haspopup=\"dialog\"\n\t\t\taria-label=\"Agrandir\"\n\t\t\tdata-wp-init=\"callbacks.initTriggerButton\"\n\t\t\tdata-wp-on--click=\"actions.showLightbox\"\n\t\t\tdata-wp-style--right=\"state.imageButtonRight\"\n\t\t\tdata-wp-style--top=\"state.imageButtonTop\"\n\t\t>\n\t\t\t<svg xmlns=\"http:\/\/www.w3.org\/2000\/svg\" width=\"12\" height=\"12\" fill=\"none\" viewBox=\"0 0 12 12\">\n\t\t\t\t<path fill=\"#fff\" d=\"M2 0a2 2 0 0 0-2 2v2h1.5V2a.5.5 0 0 1 .5-.5h2V0H2Zm2 10.5H2a.5.5 0 0 1-.5-.5V8H0v2a2 2 0 0 0 2 2h2v-1.5ZM8 12v-1.5h2a.5.5 0 0 0 .5-.5V8H12v2a2 2 0 0 1-2 2H8Zm2-12a2 2 0 0 1 2 2v2h-1.5V2a.5.5 0 0 0-.5-.5H8V0h2Z\" \/>\n\t\t\t<\/svg>\n\t\t<\/button><figcaption class=\"wp-element-caption\">Chambre 201<\/figcaption><\/figure>\n\n\n\n<div style=\"height:100px\" aria-hidden=\"true\" class=\"wp-block-spacer\"><\/div>\n\n\n\n<figure data-wp-context=\"{&quot;imageId&quot;:&quot;69db4f4058b54&quot;}\" data-wp-interactive=\"core\/image\" data-wp-key=\"69db4f4058b54\" class=\"wp-block-image size-large is-resized wp-lightbox-container\"><img loading=\"lazy\" decoding=\"async\" width=\"1024\" height=\"1024\" data-wp-class--hide=\"state.isContentHidden\" data-wp-class--show=\"state.isContentVisible\" data-wp-init=\"callbacks.setButtonStyles\" data-wp-on--click=\"actions.showLightbox\" data-wp-on--load=\"callbacks.setButtonStyles\" data-wp-on-window--resize=\"callbacks.setButtonStyles\" src=\"http:\/\/cugnac.be\/wp-content\/uploads\/2022\/02\/101_DSC03983-1024x1024.jpg\" alt=\"\" class=\"wp-image-175\" style=\"width:650px\" srcset=\"https:\/\/cugnac.be\/wp-content\/uploads\/2022\/02\/101_DSC03983-1024x1024.jpg 1024w, https:\/\/cugnac.be\/wp-content\/uploads\/2022\/02\/101_DSC03983-300x300.jpg 300w, https:\/\/cugnac.be\/wp-content\/uploads\/2022\/02\/101_DSC03983-150x150.jpg 150w, https:\/\/cugnac.be\/wp-content\/uploads\/2022\/02\/101_DSC03983-768x768.jpg 768w, https:\/\/cugnac.be\/wp-content\/uploads\/2022\/02\/101_DSC03983-1536x1536.jpg 1536w, https:\/\/cugnac.be\/wp-content\/uploads\/2022\/02\/101_DSC03983-2048x2048.jpg 2048w\" sizes=\"auto, (max-width: 1024px) 100vw, 1024px\" \/><button\n\t\t\tclass=\"lightbox-trigger\"\n\t\t\ttype=\"button\"\n\t\t\taria-haspopup=\"dialog\"\n\t\t\taria-label=\"Agrandir\"\n\t\t\tdata-wp-init=\"callbacks.initTriggerButton\"\n\t\t\tdata-wp-on--click=\"actions.showLightbox\"\n\t\t\tdata-wp-style--right=\"state.imageButtonRight\"\n\t\t\tdata-wp-style--top=\"state.imageButtonTop\"\n\t\t>\n\t\t\t<svg xmlns=\"http:\/\/www.w3.org\/2000\/svg\" width=\"12\" height=\"12\" fill=\"none\" viewBox=\"0 0 12 12\">\n\t\t\t\t<path fill=\"#fff\" d=\"M2 0a2 2 0 0 0-2 2v2h1.5V2a.5.5 0 0 1 .5-.5h2V0H2Zm2 10.5H2a.5.5 0 0 1-.5-.5V8H0v2a2 2 0 0 0 2 2h2v-1.5ZM8 12v-1.5h2a.5.5 0 0 0 .5-.5V8H12v2a2 2 0 0 1-2 2H8Zm2-12a2 2 0 0 1 2 2v2h-1.5V2a.5.5 0 0 0-.5-.5H8V0h2Z\" \/>\n\t\t\t<\/svg>\n\t\t<\/button><figcaption class=\"wp-element-caption\">Chambre 101<\/figcaption><\/figure>\n\n\n\n<div style=\"height:100px\" aria-hidden=\"true\" class=\"wp-block-spacer\"><\/div>\n\n\n\n<figure data-wp-context=\"{&quot;imageId&quot;:&quot;69db4f4058fa5&quot;}\" data-wp-interactive=\"core\/image\" data-wp-key=\"69db4f4058fa5\" class=\"wp-block-image size-large is-resized wp-lightbox-container\"><img loading=\"lazy\" decoding=\"async\" width=\"1024\" height=\"683\" data-wp-class--hide=\"state.isContentHidden\" data-wp-class--show=\"state.isContentVisible\" data-wp-init=\"callbacks.setButtonStyles\" data-wp-on--click=\"actions.showLightbox\" data-wp-on--load=\"callbacks.setButtonStyles\" data-wp-on-window--resize=\"callbacks.setButtonStyles\" src=\"http:\/\/cugnac.be\/wp-content\/uploads\/2022\/02\/405_MG_5806-1024x683.jpg\" alt=\"\" class=\"wp-image-57\" style=\"width:650px\" srcset=\"https:\/\/cugnac.be\/wp-content\/uploads\/2022\/02\/405_MG_5806-1024x683.jpg 1024w, https:\/\/cugnac.be\/wp-content\/uploads\/2022\/02\/405_MG_5806-300x200.jpg 300w, https:\/\/cugnac.be\/wp-content\/uploads\/2022\/02\/405_MG_5806-768x512.jpg 768w, https:\/\/cugnac.be\/wp-content\/uploads\/2022\/02\/405_MG_5806-1536x1024.jpg 1536w, https:\/\/cugnac.be\/wp-content\/uploads\/2022\/02\/405_MG_5806-2048x1366.jpg 2048w\" sizes=\"auto, (max-width: 1024px) 100vw, 1024px\" \/><button\n\t\t\tclass=\"lightbox-trigger\"\n\t\t\ttype=\"button\"\n\t\t\taria-haspopup=\"dialog\"\n\t\t\taria-label=\"Agrandir\"\n\t\t\tdata-wp-init=\"callbacks.initTriggerButton\"\n\t\t\tdata-wp-on--click=\"actions.showLightbox\"\n\t\t\tdata-wp-style--right=\"state.imageButtonRight\"\n\t\t\tdata-wp-style--top=\"state.imageButtonTop\"\n\t\t>\n\t\t\t<svg xmlns=\"http:\/\/www.w3.org\/2000\/svg\" width=\"12\" height=\"12\" fill=\"none\" viewBox=\"0 0 12 12\">\n\t\t\t\t<path fill=\"#fff\" d=\"M2 0a2 2 0 0 0-2 2v2h1.5V2a.5.5 0 0 1 .5-.5h2V0H2Zm2 10.5H2a.5.5 0 0 1-.5-.5V8H0v2a2 2 0 0 0 2 2h2v-1.5ZM8 12v-1.5h2a.5.5 0 0 0 .5-.5V8H12v2a2 2 0 0 1-2 2H8Zm2-12a2 2 0 0 1 2 2v2h-1.5V2a.5.5 0 0 0-.5-.5H8V0h2Z\" \/>\n\t\t\t<\/svg>\n\t\t<\/button><figcaption class=\"wp-element-caption\">Chambre 405<\/figcaption><\/figure>\n\n\n\n<div style=\"height:100px\" aria-hidden=\"true\" class=\"wp-block-spacer\"><\/div>\n\n\n\n<figure data-wp-context=\"{&quot;imageId&quot;:&quot;69db4f40593a9&quot;}\" data-wp-interactive=\"core\/image\" data-wp-key=\"69db4f40593a9\" class=\"wp-block-image size-large is-resized wp-lightbox-container\"><img loading=\"lazy\" decoding=\"async\" width=\"1024\" height=\"753\" data-wp-class--hide=\"state.isContentHidden\" data-wp-class--show=\"state.isContentVisible\" data-wp-init=\"callbacks.setButtonStyles\" data-wp-on--click=\"actions.showLightbox\" data-wp-on--load=\"callbacks.setButtonStyles\" data-wp-on-window--resize=\"callbacks.setButtonStyles\" src=\"http:\/\/cugnac.be\/wp-content\/uploads\/2022\/02\/20180523_162802-bis-mini-1024x753.jpg\" alt=\"\" class=\"wp-image-182\" style=\"width:650px\" srcset=\"https:\/\/cugnac.be\/wp-content\/uploads\/2022\/02\/20180523_162802-bis-mini-1024x753.jpg 1024w, https:\/\/cugnac.be\/wp-content\/uploads\/2022\/02\/20180523_162802-bis-mini-300x221.jpg 300w, https:\/\/cugnac.be\/wp-content\/uploads\/2022\/02\/20180523_162802-bis-mini-768x564.jpg 768w, https:\/\/cugnac.be\/wp-content\/uploads\/2022\/02\/20180523_162802-bis-mini-1536x1129.jpg 1536w, https:\/\/cugnac.be\/wp-content\/uploads\/2022\/02\/20180523_162802-bis-mini.jpg 2000w\" sizes=\"auto, (max-width: 1024px) 100vw, 1024px\" \/><button\n\t\t\tclass=\"lightbox-trigger\"\n\t\t\ttype=\"button\"\n\t\t\taria-haspopup=\"dialog\"\n\t\t\taria-label=\"Agrandir\"\n\t\t\tdata-wp-init=\"callbacks.initTriggerButton\"\n\t\t\tdata-wp-on--click=\"actions.showLightbox\"\n\t\t\tdata-wp-style--right=\"state.imageButtonRight\"\n\t\t\tdata-wp-style--top=\"state.imageButtonTop\"\n\t\t>\n\t\t\t<svg xmlns=\"http:\/\/www.w3.org\/2000\/svg\" width=\"12\" height=\"12\" fill=\"none\" viewBox=\"0 0 12 12\">\n\t\t\t\t<path fill=\"#fff\" d=\"M2 0a2 2 0 0 0-2 2v2h1.5V2a.5.5 0 0 1 .5-.5h2V0H2Zm2 10.5H2a.5.5 0 0 1-.5-.5V8H0v2a2 2 0 0 0 2 2h2v-1.5ZM8 12v-1.5h2a.5.5 0 0 0 .5-.5V8H12v2a2 2 0 0 1-2 2H8Zm2-12a2 2 0 0 1 2 2v2h-1.5V2a.5.5 0 0 0-.5-.5H8V0h2Z\" \/>\n\t\t\t<\/svg>\n\t\t<\/button><figcaption class=\"wp-element-caption\">Jardin<\/figcaption><\/figure>\n\n\n\n<div style=\"height:40px\" aria-hidden=\"true\" class=\"wp-block-spacer\"><\/div>\n\n\n<nav style=\"color: #808080; font-style:normal;font-weight:300;line-height:0.6;\" class=\"has-text-color has-small-font-size items-justified-left is-vertical wp-block-navigation has-system-font-font-family is-content-justification-left is-layout-flex wp-container-core-navigation-is-layout-f40d5164 wp-block-navigation-is-layout-flex\" aria-label=\"Navigation En-t\u00eate\"><ul style=\"color: #808080; font-style:normal;font-weight:300;line-height:0.6;\" class=\"wp-block-navigation__container has-text-color has-small-font-size items-justified-left is-vertical wp-block-navigation has-small-font-size has-system-font-font-family\"><li class=\"has-small-font-size wp-block-navigation-item wp-block-navigation-link\"><a class=\"wp-block-navigation-item__content\"  href=\"http:\/\/cugnac.be\/index.php\/expositions\"><span class=\"wp-block-navigation-item__label\"><strong>Expositions<\/strong><\/span><\/a><\/li><li class=\"has-small-font-size wp-block-navigation-item wp-block-navigation-link\"><a class=\"wp-block-navigation-item__content\"  href=\"http:\/\/Catalogues\"><span class=\"wp-block-navigation-item__label\">Catalogues<\/span><\/a><\/li><li class=\"has-small-font-size wp-block-navigation-item wp-block-navigation-link\"><a class=\"wp-block-navigation-item__content\"  href=\"http:\/\/2025-2026\"><span class=\"wp-block-navigation-item__label\">2025-2026<\/span><\/a><\/li><li class=\"has-small-font-size wp-block-navigation-item wp-block-navigation-link\"><a class=\"wp-block-navigation-item__content\"  href=\"http:\/\/cugnac.be\/index.php\/selfies-et-moi-et-moi-et-moi\/\"><span class=\"wp-block-navigation-item__label\">2018-2024<\/span><\/a><\/li><li class=\"has-small-font-size wp-block-navigation-item wp-block-navigation-link\"><a class=\"wp-block-navigation-item__content\"  href=\"http:\/\/cugnac.be\/index.php\/antipodes-2\/\"><span class=\"wp-block-navigation-item__label\"><em>2007-2012<\/em><\/span><\/a><\/li><li class=\"has-small-font-size wp-block-navigation-item wp-block-navigation-link\"><a class=\"wp-block-navigation-item__content\"  href=\"http:\/\/cugnac.be\/index.php\/vice-et-vertu\/\"><span class=\"wp-block-navigation-item__label\">2005-2007<\/span><\/a><\/li><li class=\"has-small-font-size wp-block-navigation-item wp-block-navigation-link\"><a class=\"wp-block-navigation-item__content\"  href=\"http:\/\/cugnac.be\/index.php\/le-fond-des-choses\/\"><span class=\"wp-block-navigation-item__label\"><em>2000-2005<\/em><\/span><\/a><\/li><li class=\"has-small-font-size wp-block-navigation-item wp-block-navigation-link\"><a class=\"wp-block-navigation-item__content\"  href=\"http:\/\/cugnac.be\/index.php\/un-peu-dhistoire\/\"><span class=\"wp-block-navigation-item__label\"><em>Un peu d\u2019histoire\u2026 1980-2018<\/em><\/span><\/a><\/li><li class=\"has-small-font-size wp-block-navigation-item wp-block-navigation-link\"><a class=\"wp-block-navigation-item__content\"  href=\"http:\/\/cugnac.be\/index.php\/contact-2\/\"><span class=\"wp-block-navigation-item__label\"><strong>Contact<\/strong><\/span><\/a><\/li><\/ul><\/nav>","protected":false},"excerpt":{"rendered":"<p>En symbiose avec Nicolas d&rsquo;Ursel \u2022 2016-2018 Le propri\u00e9taire de l&rsquo;h\u00f4tel Alfred Sommier \u00e0 Paris, Richard de Warren, h\u00e9ritier d&rsquo;une longue tradition, souhaite y accueillir ses h\u00f4tes comme il se ferait dans une maison de famille. Nous avons repris ce th\u00e8me des \u00ab\u00a0Maisons de Famille\u00a0\u00bb pour r\u00e9aliser les \u0153uvres qui d\u00e9corent les quatre-vingt chambres de [&hellip;]<\/p>\n","protected":false},"author":1,"featured_media":0,"parent":0,"menu_order":0,"comment_status":"closed","ping_status":"closed","template":"page-no-separators","meta":{"footnotes":""},"class_list":["post-160","page","type-page","status-publish","hentry"],"_links":{"self":[{"href":"https:\/\/cugnac.be\/index.php\/wp-json\/wp\/v2\/pages\/160","targetHints":{"allow":["GET"]}}],"collection":[{"href":"https:\/\/cugnac.be\/index.php\/wp-json\/wp\/v2\/pages"}],"about":[{"href":"https:\/\/cugnac.be\/index.php\/wp-json\/wp\/v2\/types\/page"}],"author":[{"embeddable":true,"href":"https:\/\/cugnac.be\/index.php\/wp-json\/wp\/v2\/users\/1"}],"replies":[{"embeddable":true,"href":"https:\/\/cugnac.be\/index.php\/wp-json\/wp\/v2\/comments?post=160"}],"version-history":[{"count":17,"href":"https:\/\/cugnac.be\/index.php\/wp-json\/wp\/v2\/pages\/160\/revisions"}],"predecessor-version":[{"id":2056,"href":"https:\/\/cugnac.be\/index.php\/wp-json\/wp\/v2\/pages\/160\/revisions\/2056"}],"wp:attachment":[{"href":"https:\/\/cugnac.be\/index.php\/wp-json\/wp\/v2\/media?parent=160"}],"curies":[{"name":"wp","href":"https:\/\/api.w.org\/{rel}","templated":true}]}}