{"id":710,"date":"2022-06-11T12:57:51","date_gmt":"2022-06-11T10:57:51","guid":{"rendered":"http:\/\/cugnac.be\/?page_id=710"},"modified":"2024-01-08T20:07:36","modified_gmt":"2024-01-08T19:07:36","slug":"calcutta","status":"publish","type":"page","link":"https:\/\/cugnac.be\/index.php\/calcutta\/","title":{"rendered":"Calcutta"},"content":{"rendered":"\n<p class=\"has-text-color has-small-font-size\" style=\"color:#808080;font-style:normal;font-weight:600;line-height:1.2\">1989 &#8211; 1991<\/p>\n\n\n\n<div class=\"wp-block-columns is-layout-flex wp-container-core-columns-is-layout-28f84493 wp-block-columns-is-layout-flex\">\n<div class=\"wp-block-column is-layout-flow wp-block-column-is-layout-flow\">\n<figure class=\"wp-block-video\"><video height=\"720\" style=\"aspect-ratio: 576 \/ 720;\" width=\"576\" controls src=\"http:\/\/cugnac.be\/wp-content\/uploads\/2022\/06\/Calcutta-long-FR-st-576x720-H264-volet.mp4\"><\/video><figcaption class=\"wp-element-caption\">Fran\u00e7ais<\/figcaption><\/figure>\n<\/div>\n\n\n\n<div class=\"wp-block-column is-layout-flow wp-block-column-is-layout-flow\">\n<figure class=\"wp-block-video\"><video height=\"720\" style=\"aspect-ratio: 576 \/ 720;\" width=\"576\" controls src=\"http:\/\/cugnac.be\/wp-content\/uploads\/2022\/06\/Calcutta-long-EN2-st-576x720-H264-volet.mp4\"><\/video><figcaption class=\"wp-element-caption\">English<\/figcaption><\/figure>\n<\/div>\n<\/div>\n\n\n\n<p class=\"has-text-color has-small-font-size\" style=\"color:#808080;font-style:normal;font-weight:700\">Calcutta, Palais Bengalis &amp; Vestiges de l&rsquo;Empire de Sa Majest\u00e9<\/p>\n\n\n\n<p class=\"has-text-color has-small-font-size\" style=\"color:#808080;font-style:normal;font-weight:400;line-height:1.3\">Exposition de photographies de Fran\u00e7ois Loze et Fabien de Cugnac<br><mark style=\"background-color:rgba(0, 0, 0, 0);color:#ff7a00\" class=\"has-inline-color\">du 15 septembre \u00e0 fin janvier 2023<\/mark><br>\u00e0 l&rsquo;Association du Patrimoine artistique asbl<br>7 rue Charles Hanssens \u00e0 1000 Bruxelles<br><a rel=\"noreferrer noopener\" href=\"http:\/\/www.associationdupatrimoineartistique.be\" target=\"_blank\"><mark style=\"background-color:rgba(0, 0, 0, 0);color:#777777\" class=\"has-inline-color\">www.associationdupatrimoineartistique.be<\/mark><\/a><\/p>\n\n\n\n<p class=\"has-text-color has-link-color has-system-font-font-family wp-elements-208fe30c101aa6bec2c63f52f9d17378\" style=\"color:#808080;font-size:15px;font-style:normal;font-weight:400;line-height:1.2\"><strong>Presse<\/strong> : <a href=\"https:\/\/www.bdonline.co.uk\/briefing\/review-a-moment-in-time-the-disappearing-architecture-of-the-bengali-renaissance\/5120746.article\" target=\"_blank\" rel=\"noreferrer noopener\">https:\/\/www.bdonline.co.uk\/briefing\/review-a-moment-in-time-the-disappearing-architecture-of-the-bengali-renaissance\/5120746.article<\/a><\/p>\n\n\n\n<figure data-wp-context=\"{&quot;imageId&quot;:&quot;69db4d7603015&quot;}\" data-wp-interactive=\"core\/image\" data-wp-key=\"69db4d7603015\" class=\"wp-block-image size-large is-style-default wp-lightbox-container\"><img loading=\"lazy\" decoding=\"async\" width=\"660\" height=\"1024\" data-wp-class--hide=\"state.isContentHidden\" data-wp-class--show=\"state.isContentVisible\" data-wp-init=\"callbacks.setButtonStyles\" data-wp-on--click=\"actions.showLightbox\" data-wp-on--load=\"callbacks.setButtonStyles\" data-wp-on-window--resize=\"callbacks.setButtonStyles\" src=\"http:\/\/cugnac.be\/wp-content\/uploads\/2022\/07\/Affiches-RVB-bis-mail2-660x1024.jpg\" alt=\"\" class=\"wp-image-1235\" srcset=\"https:\/\/cugnac.be\/wp-content\/uploads\/2022\/07\/Affiches-RVB-bis-mail2-660x1024.jpg 660w, https:\/\/cugnac.be\/wp-content\/uploads\/2022\/07\/Affiches-RVB-bis-mail2-193x300.jpg 193w, https:\/\/cugnac.be\/wp-content\/uploads\/2022\/07\/Affiches-RVB-bis-mail2-768x1191.jpg 768w, https:\/\/cugnac.be\/wp-content\/uploads\/2022\/07\/Affiches-RVB-bis-mail2-990x1536.jpg 990w, https:\/\/cugnac.be\/wp-content\/uploads\/2022\/07\/Affiches-RVB-bis-mail2-1320x2048.jpg 1320w, https:\/\/cugnac.be\/wp-content\/uploads\/2022\/07\/Affiches-RVB-bis-mail2.jpg 1614w\" sizes=\"auto, (max-width: 660px) 100vw, 660px\" \/><button\n\t\t\tclass=\"lightbox-trigger\"\n\t\t\ttype=\"button\"\n\t\t\taria-haspopup=\"dialog\"\n\t\t\taria-label=\"Agrandir\"\n\t\t\tdata-wp-init=\"callbacks.initTriggerButton\"\n\t\t\tdata-wp-on--click=\"actions.showLightbox\"\n\t\t\tdata-wp-style--right=\"state.imageButtonRight\"\n\t\t\tdata-wp-style--top=\"state.imageButtonTop\"\n\t\t>\n\t\t\t<svg xmlns=\"http:\/\/www.w3.org\/2000\/svg\" width=\"12\" height=\"12\" fill=\"none\" viewBox=\"0 0 12 12\">\n\t\t\t\t<path fill=\"#fff\" d=\"M2 0a2 2 0 0 0-2 2v2h1.5V2a.5.5 0 0 1 .5-.5h2V0H2Zm2 10.5H2a.5.5 0 0 1-.5-.5V8H0v2a2 2 0 0 0 2 2h2v-1.5ZM8 12v-1.5h2a.5.5 0 0 0 .5-.5V8H12v2a2 2 0 0 1-2 2H8Zm2-12a2 2 0 0 1 2 2v2h-1.5V2a.5.5 0 0 0-.5-.5H8V0h2Z\" \/>\n\t\t\t<\/svg>\n\t\t<\/button><\/figure>\n\n\n\n<div class=\"wp-block-columns is-layout-flex wp-container-core-columns-is-layout-28f84493 wp-block-columns-is-layout-flex\">\n<div class=\"wp-block-column is-layout-flow wp-block-column-is-layout-flow\">\n<figure data-wp-context=\"{&quot;imageId&quot;:&quot;69db4d76035a7&quot;}\" data-wp-interactive=\"core\/image\" data-wp-key=\"69db4d76035a7\" class=\"wp-block-image size-large is-style-default wp-lightbox-container\"><img loading=\"lazy\" decoding=\"async\" width=\"1024\" height=\"683\" data-wp-class--hide=\"state.isContentHidden\" data-wp-class--show=\"state.isContentVisible\" data-wp-init=\"callbacks.setButtonStyles\" data-wp-on--click=\"actions.showLightbox\" data-wp-on--load=\"callbacks.setButtonStyles\" data-wp-on-window--resize=\"callbacks.setButtonStyles\" src=\"http:\/\/cugnac.be\/wp-content\/uploads\/2022\/09\/MG_4274-mail-1024x683.jpg\" alt=\"\" class=\"wp-image-1497\" srcset=\"https:\/\/cugnac.be\/wp-content\/uploads\/2022\/09\/MG_4274-mail-1024x683.jpg 1024w, https:\/\/cugnac.be\/wp-content\/uploads\/2022\/09\/MG_4274-mail-300x200.jpg 300w, https:\/\/cugnac.be\/wp-content\/uploads\/2022\/09\/MG_4274-mail-768x512.jpg 768w, https:\/\/cugnac.be\/wp-content\/uploads\/2022\/09\/MG_4274-mail.jpg 1500w\" sizes=\"auto, (max-width: 1024px) 100vw, 1024px\" \/><button\n\t\t\tclass=\"lightbox-trigger\"\n\t\t\ttype=\"button\"\n\t\t\taria-haspopup=\"dialog\"\n\t\t\taria-label=\"Agrandir\"\n\t\t\tdata-wp-init=\"callbacks.initTriggerButton\"\n\t\t\tdata-wp-on--click=\"actions.showLightbox\"\n\t\t\tdata-wp-style--right=\"state.imageButtonRight\"\n\t\t\tdata-wp-style--top=\"state.imageButtonTop\"\n\t\t>\n\t\t\t<svg xmlns=\"http:\/\/www.w3.org\/2000\/svg\" width=\"12\" height=\"12\" fill=\"none\" viewBox=\"0 0 12 12\">\n\t\t\t\t<path fill=\"#fff\" d=\"M2 0a2 2 0 0 0-2 2v2h1.5V2a.5.5 0 0 1 .5-.5h2V0H2Zm2 10.5H2a.5.5 0 0 1-.5-.5V8H0v2a2 2 0 0 0 2 2h2v-1.5ZM8 12v-1.5h2a.5.5 0 0 0 .5-.5V8H12v2a2 2 0 0 1-2 2H8Zm2-12a2 2 0 0 1 2 2v2h-1.5V2a.5.5 0 0 0-.5-.5H8V0h2Z\" \/>\n\t\t\t<\/svg>\n\t\t<\/button><\/figure>\n<\/div>\n\n\n\n<div class=\"wp-block-column is-layout-flow wp-block-column-is-layout-flow\">\n<figure data-wp-context=\"{&quot;imageId&quot;:&quot;69db4d7603b72&quot;}\" data-wp-interactive=\"core\/image\" data-wp-key=\"69db4d7603b72\" class=\"wp-block-image size-large is-style-default wp-lightbox-container\"><img loading=\"lazy\" decoding=\"async\" width=\"1024\" height=\"683\" data-wp-class--hide=\"state.isContentHidden\" data-wp-class--show=\"state.isContentVisible\" data-wp-init=\"callbacks.setButtonStyles\" data-wp-on--click=\"actions.showLightbox\" data-wp-on--load=\"callbacks.setButtonStyles\" data-wp-on-window--resize=\"callbacks.setButtonStyles\" src=\"http:\/\/cugnac.be\/wp-content\/uploads\/2022\/09\/MG_4267-mail-1024x683.jpg\" alt=\"\" class=\"wp-image-1498\" srcset=\"https:\/\/cugnac.be\/wp-content\/uploads\/2022\/09\/MG_4267-mail-1024x683.jpg 1024w, https:\/\/cugnac.be\/wp-content\/uploads\/2022\/09\/MG_4267-mail-300x200.jpg 300w, https:\/\/cugnac.be\/wp-content\/uploads\/2022\/09\/MG_4267-mail-768x512.jpg 768w, https:\/\/cugnac.be\/wp-content\/uploads\/2022\/09\/MG_4267-mail.jpg 1500w\" sizes=\"auto, (max-width: 1024px) 100vw, 1024px\" \/><button\n\t\t\tclass=\"lightbox-trigger\"\n\t\t\ttype=\"button\"\n\t\t\taria-haspopup=\"dialog\"\n\t\t\taria-label=\"Agrandir\"\n\t\t\tdata-wp-init=\"callbacks.initTriggerButton\"\n\t\t\tdata-wp-on--click=\"actions.showLightbox\"\n\t\t\tdata-wp-style--right=\"state.imageButtonRight\"\n\t\t\tdata-wp-style--top=\"state.imageButtonTop\"\n\t\t>\n\t\t\t<svg xmlns=\"http:\/\/www.w3.org\/2000\/svg\" width=\"12\" height=\"12\" fill=\"none\" viewBox=\"0 0 12 12\">\n\t\t\t\t<path fill=\"#fff\" d=\"M2 0a2 2 0 0 0-2 2v2h1.5V2a.5.5 0 0 1 .5-.5h2V0H2Zm2 10.5H2a.5.5 0 0 1-.5-.5V8H0v2a2 2 0 0 0 2 2h2v-1.5ZM8 12v-1.5h2a.5.5 0 0 0 .5-.5V8H12v2a2 2 0 0 1-2 2H8Zm2-12a2 2 0 0 1 2 2v2h-1.5V2a.5.5 0 0 0-.5-.5H8V0h2Z\" \/>\n\t\t\t<\/svg>\n\t\t<\/button><\/figure>\n<\/div>\n<\/div>\n\n\n\n<div style=\"height:25px\" aria-hidden=\"true\" class=\"wp-block-spacer\"><\/div>\n\n\n\n<p class=\"has-text-color has-small-font-size\" style=\"color:#808080;font-style:normal;font-weight:700\">Livre &#8211; Catalogue<\/p>\n\n\n\n<p class=\"has-text-color has-small-font-size\" style=\"color:#808080;font-style:normal;font-weight:200\">152 pages &#8211; 240 images &#8211; Bilingue Anglais \/ Fran\u00e7ais &#8211; 24 x 16,5 cm<\/p>\n\n\n\n<figure data-wp-context=\"{&quot;imageId&quot;:&quot;69db4d7604186&quot;}\" data-wp-interactive=\"core\/image\" data-wp-key=\"69db4d7604186\" class=\"wp-block-image size-large is-style-default wp-lightbox-container\"><img loading=\"lazy\" decoding=\"async\" width=\"1024\" height=\"715\" data-wp-class--hide=\"state.isContentHidden\" data-wp-class--show=\"state.isContentVisible\" data-wp-init=\"callbacks.setButtonStyles\" data-wp-on--click=\"actions.showLightbox\" data-wp-on--load=\"callbacks.setButtonStyles\" data-wp-on-window--resize=\"callbacks.setButtonStyles\" src=\"http:\/\/cugnac.be\/wp-content\/uploads\/2022\/06\/Couverture_23-06-22-1024x715.jpg\" alt=\"\" class=\"wp-image-818\" srcset=\"https:\/\/cugnac.be\/wp-content\/uploads\/2022\/06\/Couverture_23-06-22-1024x715.jpg 1024w, https:\/\/cugnac.be\/wp-content\/uploads\/2022\/06\/Couverture_23-06-22-300x210.jpg 300w, https:\/\/cugnac.be\/wp-content\/uploads\/2022\/06\/Couverture_23-06-22-768x537.jpg 768w, https:\/\/cugnac.be\/wp-content\/uploads\/2022\/06\/Couverture_23-06-22-1536x1073.jpg 1536w, https:\/\/cugnac.be\/wp-content\/uploads\/2022\/06\/Couverture_23-06-22.jpg 1566w\" sizes=\"auto, (max-width: 1024px) 100vw, 1024px\" \/><button\n\t\t\tclass=\"lightbox-trigger\"\n\t\t\ttype=\"button\"\n\t\t\taria-haspopup=\"dialog\"\n\t\t\taria-label=\"Agrandir\"\n\t\t\tdata-wp-init=\"callbacks.initTriggerButton\"\n\t\t\tdata-wp-on--click=\"actions.showLightbox\"\n\t\t\tdata-wp-style--right=\"state.imageButtonRight\"\n\t\t\tdata-wp-style--top=\"state.imageButtonTop\"\n\t\t>\n\t\t\t<svg xmlns=\"http:\/\/www.w3.org\/2000\/svg\" width=\"12\" height=\"12\" fill=\"none\" viewBox=\"0 0 12 12\">\n\t\t\t\t<path fill=\"#fff\" d=\"M2 0a2 2 0 0 0-2 2v2h1.5V2a.5.5 0 0 1 .5-.5h2V0H2Zm2 10.5H2a.5.5 0 0 1-.5-.5V8H0v2a2 2 0 0 0 2 2h2v-1.5ZM8 12v-1.5h2a.5.5 0 0 0 .5-.5V8H12v2a2 2 0 0 1-2 2H8Zm2-12a2 2 0 0 1 2 2v2h-1.5V2a.5.5 0 0 0-.5-.5H8V0h2Z\" \/>\n\t\t\t<\/svg>\n\t\t<\/button><\/figure>\n\n\n\n<div class=\"wp-block-columns is-layout-flex wp-container-core-columns-is-layout-28f84493 wp-block-columns-is-layout-flex\">\n<div class=\"wp-block-column is-layout-flow wp-block-column-is-layout-flow\">\n<iframe allowfullscreen=\"allowfullscreen\" scrolling=\"no\" class=\"fp-iframe\" style=\"border: 1px solid black; width: 100%; height: 400px;\" src=\"http:\/\/image-numerique.be\/flipbook_calcutta\/\"><\/iframe>\n<\/div>\n<\/div>\n\n\n\n<div style=\"height:50px\" aria-hidden=\"true\" class=\"wp-block-spacer\"><\/div>\n\n\n\n<div style=\"height:100px\" aria-hidden=\"true\" class=\"wp-block-spacer\"><\/div>\n\n\n<nav style=\"color: #808080; font-style:normal;font-weight:300;line-height:1.2;\" class=\"has-text-color has-small-font-size items-justified-left is-vertical wp-block-navigation is-content-justification-left is-layout-flex wp-container-core-navigation-is-layout-f40d5164 wp-block-navigation-is-layout-flex\" aria-label=\"Navigation En-t\u00eate\"><ul style=\"color: #808080; font-style:normal;font-weight:300;line-height:1.2;\" class=\"wp-block-navigation__container has-text-color has-small-font-size items-justified-left is-vertical wp-block-navigation has-small-font-size\"><li class=\"has-small-font-size wp-block-navigation-item wp-block-navigation-link\"><a class=\"wp-block-navigation-item__content\"  href=\"http:\/\/cugnac.be\/index.php\/expositions\"><span class=\"wp-block-navigation-item__label\"><strong>Expositions<\/strong><\/span><\/a><\/li><li class=\"has-small-font-size wp-block-navigation-item wp-block-navigation-link\"><a class=\"wp-block-navigation-item__content\"  href=\"http:\/\/Catalogues\"><span class=\"wp-block-navigation-item__label\">Catalogues<\/span><\/a><\/li><li class=\"has-small-font-size wp-block-navigation-item wp-block-navigation-link\"><a class=\"wp-block-navigation-item__content\"  href=\"http:\/\/2025-2026\"><span class=\"wp-block-navigation-item__label\">2025-2026<\/span><\/a><\/li><li class=\"has-small-font-size wp-block-navigation-item wp-block-navigation-link\"><a class=\"wp-block-navigation-item__content\"  href=\"http:\/\/cugnac.be\/index.php\/selfies-et-moi-et-moi-et-moi\/\"><span class=\"wp-block-navigation-item__label\">2018-2024<\/span><\/a><\/li><li class=\"has-small-font-size wp-block-navigation-item wp-block-navigation-link\"><a class=\"wp-block-navigation-item__content\"  href=\"http:\/\/cugnac.be\/index.php\/antipodes-2\/\"><span class=\"wp-block-navigation-item__label\"><em>2007-2012<\/em><\/span><\/a><\/li><li class=\"has-small-font-size wp-block-navigation-item wp-block-navigation-link\"><a class=\"wp-block-navigation-item__content\"  href=\"http:\/\/cugnac.be\/index.php\/vice-et-vertu\/\"><span class=\"wp-block-navigation-item__label\">2005-2007<\/span><\/a><\/li><li class=\"has-small-font-size wp-block-navigation-item wp-block-navigation-link\"><a class=\"wp-block-navigation-item__content\"  href=\"http:\/\/cugnac.be\/index.php\/le-fond-des-choses\/\"><span class=\"wp-block-navigation-item__label\"><em>2000-2005<\/em><\/span><\/a><\/li><li class=\"has-small-font-size wp-block-navigation-item wp-block-navigation-link\"><a class=\"wp-block-navigation-item__content\"  href=\"http:\/\/cugnac.be\/index.php\/un-peu-dhistoire\/\"><span class=\"wp-block-navigation-item__label\"><em>Un peu d\u2019histoire\u2026 1980-2018<\/em><\/span><\/a><\/li><li class=\"has-small-font-size wp-block-navigation-item wp-block-navigation-link\"><a class=\"wp-block-navigation-item__content\"  href=\"http:\/\/cugnac.be\/index.php\/contact-2\/\"><span class=\"wp-block-navigation-item__label\"><strong>Contact<\/strong><\/span><\/a><\/li><\/ul><\/nav>","protected":false},"excerpt":{"rendered":"<p>1989 &#8211; 1991 Calcutta, Palais Bengalis &amp; Vestiges de l&rsquo;Empire de Sa Majest\u00e9 Exposition de photographies de Fran\u00e7ois Loze et Fabien de Cugnacdu 15 septembre \u00e0 fin janvier 2023\u00e0 l&rsquo;Association du Patrimoine artistique asbl7 rue Charles Hanssens \u00e0 1000 Bruxelleswww.associationdupatrimoineartistique.be Presse : https:\/\/www.bdonline.co.uk\/briefing\/review-a-moment-in-time-the-disappearing-architecture-of-the-bengali-renaissance\/5120746.article Livre &#8211; Catalogue 152 pages &#8211; 240 images &#8211; Bilingue Anglais \/ [&hellip;]<\/p>\n","protected":false},"author":1,"featured_media":0,"parent":0,"menu_order":0,"comment_status":"closed","ping_status":"closed","template":"page-no-separators","meta":{"footnotes":""},"class_list":["post-710","page","type-page","status-publish","hentry"],"_links":{"self":[{"href":"https:\/\/cugnac.be\/index.php\/wp-json\/wp\/v2\/pages\/710","targetHints":{"allow":["GET"]}}],"collection":[{"href":"https:\/\/cugnac.be\/index.php\/wp-json\/wp\/v2\/pages"}],"about":[{"href":"https:\/\/cugnac.be\/index.php\/wp-json\/wp\/v2\/types\/page"}],"author":[{"embeddable":true,"href":"https:\/\/cugnac.be\/index.php\/wp-json\/wp\/v2\/users\/1"}],"replies":[{"embeddable":true,"href":"https:\/\/cugnac.be\/index.php\/wp-json\/wp\/v2\/comments?post=710"}],"version-history":[{"count":28,"href":"https:\/\/cugnac.be\/index.php\/wp-json\/wp\/v2\/pages\/710\/revisions"}],"predecessor-version":[{"id":2061,"href":"https:\/\/cugnac.be\/index.php\/wp-json\/wp\/v2\/pages\/710\/revisions\/2061"}],"wp:attachment":[{"href":"https:\/\/cugnac.be\/index.php\/wp-json\/wp\/v2\/media?parent=710"}],"curies":[{"name":"wp","href":"https:\/\/api.w.org\/{rel}","templated":true}]}}