{"id":722,"date":"2022-06-20T15:32:21","date_gmt":"2022-06-20T13:32:21","guid":{"rendered":"http:\/\/cugnac.be\/?page_id=722"},"modified":"2024-01-08T20:09:24","modified_gmt":"2024-01-08T19:09:24","slug":"un-peu-dhistoire","status":"publish","type":"page","link":"https:\/\/cugnac.be\/index.php\/un-peu-dhistoire\/","title":{"rendered":"Un peu d&rsquo;histoire\u2026"},"content":{"rendered":"\n<p class=\"has-text-color has-medium-font-size\" style=\"color:#808080;font-style:normal;font-weight:400;line-height:1.2\"><strong>2016-2018<\/strong><\/p>\n\n\n\n<p class=\"has-text-color has-medium-font-size\" style=\"color:#808080;font-style:normal;font-weight:500;line-height:1.2\">\u00ab\u00a0Maisons de Famille\u00a0\u00bb<\/p>\n\n\n\n<p class=\"has-text-color has-small-font-size\" style=\"color:#808080;font-style:normal;font-weight:400;line-height:1.3\">En symbiose avec Nicolas d\u2019Ursel :<br><br>D\u00e9coration des quatre-vingt chambres de l&rsquo;h\u00f4tel Alfred Sommier \u00e0 Paris<\/p>\n\n\n\n<div class=\"wp-block-columns is-layout-flex wp-container-core-columns-is-layout-28f84493 wp-block-columns-is-layout-flex\">\n<div class=\"wp-block-column is-layout-flow wp-block-column-is-layout-flow\" style=\"flex-basis:66.66%\">\n<figure class=\"wp-block-image size-large is-style-default\"><a href=\"http:\/\/cugnac.be\/index.php\/maisons-de-famille\/\"><img loading=\"lazy\" decoding=\"async\" width=\"1024\" height=\"673\" src=\"http:\/\/cugnac.be\/wp-content\/uploads\/2022\/02\/315_MG_5721-1024x673.jpg\" alt=\"\" class=\"wp-image-56\" srcset=\"https:\/\/cugnac.be\/wp-content\/uploads\/2022\/02\/315_MG_5721-1024x673.jpg 1024w, https:\/\/cugnac.be\/wp-content\/uploads\/2022\/02\/315_MG_5721-300x197.jpg 300w, https:\/\/cugnac.be\/wp-content\/uploads\/2022\/02\/315_MG_5721-768x505.jpg 768w, https:\/\/cugnac.be\/wp-content\/uploads\/2022\/02\/315_MG_5721-1536x1010.jpg 1536w, https:\/\/cugnac.be\/wp-content\/uploads\/2022\/02\/315_MG_5721-2048x1346.jpg 2048w\" sizes=\"auto, (max-width: 1024px) 100vw, 1024px\" \/><\/a><figcaption class=\"wp-element-caption\">Chambre 315<\/figcaption><\/figure>\n<\/div>\n\n\n\n<div class=\"wp-block-column is-layout-flow wp-block-column-is-layout-flow\" style=\"flex-basis:33.33%\"><\/div>\n<\/div>\n\n\n\n<p class=\"has-text-color has-medium-font-size\" style=\"color:#808080;font-style:normal;font-weight:400;line-height:1.2\"><strong>2002<\/strong><\/p>\n\n\n\n<p class=\"has-text-color has-medium-font-size\" style=\"color:#808080;font-style:normal;font-weight:400;line-height:1.2\"><strong>Station de m\u00e9tro Ceria \u00e0 Bruxelles<\/strong><\/p>\n\n\n\n<p class=\"has-text-color has-small-font-size\" style=\"color:#808080;font-style:normal;font-weight:400;line-height:1.2\">\u0152uvre de Marin Kasimir avec une certaine complicit\u00e9 et certaines comp\u00e9tences de Fabien de Cugnac<\/p>\n\n\n\n<div class=\"wp-block-columns is-layout-flex wp-container-core-columns-is-layout-28f84493 wp-block-columns-is-layout-flex\">\n<div class=\"wp-block-column is-layout-flow wp-block-column-is-layout-flow\"><\/div>\n<\/div>\n\n\n\n<div class=\"wp-block-columns is-layout-flex wp-container-core-columns-is-layout-28f84493 wp-block-columns-is-layout-flex\">\n<div class=\"wp-block-column is-layout-flow wp-block-column-is-layout-flow\" style=\"flex-basis:66.66%\">\n<figure class=\"wp-block-image size-large is-style-default\"><a href=\"http:\/\/cugnac.be\/index.php\/metro-ceria\/\"><img loading=\"lazy\" decoding=\"async\" width=\"1024\" height=\"644\" src=\"http:\/\/cugnac.be\/wp-content\/uploads\/2022\/08\/20220712_164156-crop2-1500pix-3-1024x644.jpg\" alt=\"\" class=\"wp-image-1404\" srcset=\"https:\/\/cugnac.be\/wp-content\/uploads\/2022\/08\/20220712_164156-crop2-1500pix-3-1024x644.jpg 1024w, https:\/\/cugnac.be\/wp-content\/uploads\/2022\/08\/20220712_164156-crop2-1500pix-3-300x189.jpg 300w, https:\/\/cugnac.be\/wp-content\/uploads\/2022\/08\/20220712_164156-crop2-1500pix-3-768x483.jpg 768w, https:\/\/cugnac.be\/wp-content\/uploads\/2022\/08\/20220712_164156-crop2-1500pix-3.jpg 1500w\" sizes=\"auto, (max-width: 1024px) 100vw, 1024px\" \/><\/a><figcaption class=\"wp-element-caption\">M\u00e9tro Ceria &#8211; Coovi<\/figcaption><\/figure>\n<\/div>\n\n\n\n<div class=\"wp-block-column is-layout-flow wp-block-column-is-layout-flow\" style=\"flex-basis:33.33%\"><\/div>\n<\/div>\n\n\n\n<div style=\"height:10px\" aria-hidden=\"true\" class=\"wp-block-spacer\"><\/div>\n\n\n\n<p class=\"has-text-color has-medium-font-size\" style=\"color:#808080;font-style:normal;font-weight:400;line-height:1.2\"><strong>2000<\/strong><\/p>\n\n\n\n<p class=\"has-text-color has-small-font-size\" style=\"color:#808080;font-style:normal;font-weight:600;line-height:1.2\">Passage \u00e0 l&rsquo;an 2000, participation \u00e0 l&rsquo;\u0153uvre de Marin Kasimir<\/p>\n\n\n\n<figure class=\"wp-block-image size-full is-resized is-style-default\"><a href=\"http:\/\/cugnac.be\/index.php\/envers\/\"><img loading=\"lazy\" decoding=\"async\" width=\"701\" height=\"701\" src=\"http:\/\/cugnac.be\/wp-content\/uploads\/2022\/06\/couve-1402-pix.jpg\" alt=\"\" class=\"wp-image-881\" style=\"width:351px;height:351px\" srcset=\"https:\/\/cugnac.be\/wp-content\/uploads\/2022\/06\/couve-1402-pix.jpg 701w, https:\/\/cugnac.be\/wp-content\/uploads\/2022\/06\/couve-1402-pix-300x300.jpg 300w, https:\/\/cugnac.be\/wp-content\/uploads\/2022\/06\/couve-1402-pix-150x150.jpg 150w\" sizes=\"auto, (max-width: 701px) 100vw, 701px\" \/><\/a><\/figure>\n\n\n\n<div style=\"height:25px\" aria-hidden=\"true\" class=\"wp-block-spacer\"><\/div>\n\n\n\n<p class=\"has-text-color has-medium-font-size\" style=\"color:#808080;font-style:normal;font-weight:400;line-height:1.2\"><strong>1989<\/strong><\/p>\n\n\n\n<p class=\"has-text-color has-small-font-size\" style=\"color:#808080;font-style:normal;font-weight:600;line-height:1.2\">Calcutta : photographies d&rsquo;architecture pour l&rsquo;atelier d&rsquo;image <br>en collaboration avec Fran\u00e7ois Loze<\/p>\n\n\n\n<figure class=\"wp-block-image size-full is-style-default\"><a href=\"http:\/\/cugnac.be\/index.php\/calcutta\/\"><img loading=\"lazy\" decoding=\"async\" width=\"450\" height=\"356\" src=\"http:\/\/cugnac.be\/wp-content\/uploads\/2022\/06\/bengali.jpg\" alt=\"\" class=\"wp-image-874\" srcset=\"https:\/\/cugnac.be\/wp-content\/uploads\/2022\/06\/bengali.jpg 450w, https:\/\/cugnac.be\/wp-content\/uploads\/2022\/06\/bengali-300x237.jpg 300w\" sizes=\"auto, (max-width: 450px) 100vw, 450px\" \/><\/a><\/figure>\n\n\n\n<div style=\"height:25px\" aria-hidden=\"true\" class=\"wp-block-spacer\"><\/div>\n\n\n\n<p class=\"has-text-color has-medium-font-size\" style=\"color:#808080;font-style:normal;font-weight:400;line-height:1.2\"><strong>1982-83<\/strong><\/p>\n\n\n\n<p class=\"has-text-color has-small-font-size\" style=\"color:#808080;font-style:normal;font-weight:600;line-height:1.1\"><strong>Galerie Fabien de Cugnac<\/strong><\/p>\n\n\n\n<p class=\"has-text-color has-small-font-size\" style=\"color:#808080;font-style:normal;font-weight:300;line-height:1.2\">55, Rue de Livourne, Bruxelles<\/p>\n\n\n\n<p class=\"has-text-color has-small-font-size\" style=\"color:#808080;font-style:normal;font-weight:500;line-height:1.2\">Bram Bogart, Jacques Charlier, Walter Swennen, Mark Luyten, William Sweetlove, \u2026<\/p>\n\n\n\n<div class=\"wp-block-columns is-layout-flex wp-container-core-columns-is-layout-28f84493 wp-block-columns-is-layout-flex\">\n<div class=\"wp-block-column is-layout-flow wp-block-column-is-layout-flow\">\n<figure data-wp-context=\"{&quot;imageId&quot;:&quot;69e76e46e0ac3&quot;}\" data-wp-interactive=\"core\/image\" data-wp-key=\"69e76e46e0ac3\" class=\"wp-block-image size-medium is-style-default wp-lightbox-container\"><img loading=\"lazy\" decoding=\"async\" width=\"300\" height=\"200\" data-wp-class--hide=\"state.isContentHidden\" data-wp-class--show=\"state.isContentVisible\" data-wp-init=\"callbacks.setButtonStyles\" data-wp-on--click=\"actions.showLightbox\" data-wp-on--load=\"callbacks.setButtonStyles\" data-wp-on-window--resize=\"callbacks.setButtonStyles\" src=\"http:\/\/cugnac.be\/wp-content\/uploads\/2022\/06\/poisson-300x200.jpg\" alt=\"\" class=\"wp-image-729\" srcset=\"https:\/\/cugnac.be\/wp-content\/uploads\/2022\/06\/poisson-300x200.jpg 300w, https:\/\/cugnac.be\/wp-content\/uploads\/2022\/06\/poisson.jpg 400w\" sizes=\"auto, (max-width: 300px) 100vw, 300px\" \/><button\n\t\t\tclass=\"lightbox-trigger\"\n\t\t\ttype=\"button\"\n\t\t\taria-haspopup=\"dialog\"\n\t\t\taria-label=\"Agrandir\"\n\t\t\tdata-wp-init=\"callbacks.initTriggerButton\"\n\t\t\tdata-wp-on--click=\"actions.showLightbox\"\n\t\t\tdata-wp-style--right=\"state.imageButtonRight\"\n\t\t\tdata-wp-style--top=\"state.imageButtonTop\"\n\t\t>\n\t\t\t<svg xmlns=\"http:\/\/www.w3.org\/2000\/svg\" width=\"12\" height=\"12\" fill=\"none\" viewBox=\"0 0 12 12\">\n\t\t\t\t<path fill=\"#fff\" d=\"M2 0a2 2 0 0 0-2 2v2h1.5V2a.5.5 0 0 1 .5-.5h2V0H2Zm2 10.5H2a.5.5 0 0 1-.5-.5V8H0v2a2 2 0 0 0 2 2h2v-1.5ZM8 12v-1.5h2a.5.5 0 0 0 .5-.5V8H12v2a2 2 0 0 1-2 2H8Zm2-12a2 2 0 0 1 2 2v2h-1.5V2a.5.5 0 0 0-.5-.5H8V0h2Z\" \/>\n\t\t\t<\/svg>\n\t\t<\/button><figcaption class=\"wp-element-caption\">Fabien de Cugnac et Jacques Charlier 1982<\/figcaption><\/figure>\n<\/div>\n\n\n\n<div class=\"wp-block-column is-layout-flow wp-block-column-is-layout-flow\">\n<figure data-wp-context=\"{&quot;imageId&quot;:&quot;69e76e46e0faf&quot;}\" data-wp-interactive=\"core\/image\" data-wp-key=\"69e76e46e0faf\" class=\"wp-block-image size-medium is-style-default wp-lightbox-container\"><img loading=\"lazy\" decoding=\"async\" width=\"300\" height=\"183\" data-wp-class--hide=\"state.isContentHidden\" data-wp-class--show=\"state.isContentVisible\" data-wp-init=\"callbacks.setButtonStyles\" data-wp-on--click=\"actions.showLightbox\" data-wp-on--load=\"callbacks.setButtonStyles\" data-wp-on-window--resize=\"callbacks.setButtonStyles\" src=\"http:\/\/cugnac.be\/wp-content\/uploads\/2022\/06\/KJR-300x183.jpg\" alt=\"\" class=\"wp-image-730\" srcset=\"https:\/\/cugnac.be\/wp-content\/uploads\/2022\/06\/KJR-300x183.jpg 300w, https:\/\/cugnac.be\/wp-content\/uploads\/2022\/06\/KJR.jpg 400w\" sizes=\"auto, (max-width: 300px) 100vw, 300px\" \/><button\n\t\t\tclass=\"lightbox-trigger\"\n\t\t\ttype=\"button\"\n\t\t\taria-haspopup=\"dialog\"\n\t\t\taria-label=\"Agrandir\"\n\t\t\tdata-wp-init=\"callbacks.initTriggerButton\"\n\t\t\tdata-wp-on--click=\"actions.showLightbox\"\n\t\t\tdata-wp-style--right=\"state.imageButtonRight\"\n\t\t\tdata-wp-style--top=\"state.imageButtonTop\"\n\t\t>\n\t\t\t<svg xmlns=\"http:\/\/www.w3.org\/2000\/svg\" width=\"12\" height=\"12\" fill=\"none\" viewBox=\"0 0 12 12\">\n\t\t\t\t<path fill=\"#fff\" d=\"M2 0a2 2 0 0 0-2 2v2h1.5V2a.5.5 0 0 1 .5-.5h2V0H2Zm2 10.5H2a.5.5 0 0 1-.5-.5V8H0v2a2 2 0 0 0 2 2h2v-1.5ZM8 12v-1.5h2a.5.5 0 0 0 .5-.5V8H12v2a2 2 0 0 1-2 2H8Zm2-12a2 2 0 0 1 2 2v2h-1.5V2a.5.5 0 0 0-.5-.5H8V0h2Z\" \/>\n\t\t\t<\/svg>\n\t\t<\/button><figcaption class=\"wp-element-caption\">1982 Inauguration, <em>Biscotte Garnie<\/em><\/figcaption><\/figure>\n<\/div>\n<\/div>\n\n\n\n<p class=\"has-text-color has-medium-font-size\" style=\"color:#808080;font-style:normal;font-weight:400\"><strong>1980-82<\/strong><\/p>\n\n\n\n<p class=\"has-text-color has-small-font-size\" style=\"color:#808080;font-style:normal;font-weight:600;line-height:1.2\"><strong>Vivarium d&rsquo;Art Actuel<\/strong><\/p>\n\n\n\n<p class=\"has-text-color has-small-font-size\" style=\"color:#808080;font-style:normal;font-weight:300;line-height:1.2\">14, Cirkelstraat, Oostende<\/p>\n\n\n\n<p class=\"has-text-color has-small-font-size\" style=\"color:#808080;font-style:normal;font-weight:500;line-height:1.3\">Jacques Charlier, William Sweetlove, Walter Swennen, Mark Luyten, Fabrizio Plessi, Ernesto Tatafiore, Luigi Ontani, Janusz Haka, Cherry Pickles, Anne Dykmans, Antoinette Francotte, Alain Lyon, \u2026<\/p>\n\n\n\n<p class=\"has-text-color has-small-font-size\" style=\"color:#808080;font-style:normal;font-weight:300\">Ci-dessous, \u00ab\u00a0Six artistes californiens\u00a0\u00bb en collaboration avec Zaira Mis<\/p>\n\n\n\n<div class=\"wp-block-columns is-layout-flex wp-container-core-columns-is-layout-28f84493 wp-block-columns-is-layout-flex\">\n<div class=\"wp-block-column is-layout-flow wp-block-column-is-layout-flow\">\n<figure data-wp-context=\"{&quot;imageId&quot;:&quot;69e76e46e1513&quot;}\" data-wp-interactive=\"core\/image\" data-wp-key=\"69e76e46e1513\" class=\"wp-block-image size-medium is-style-default wp-lightbox-container\"><img loading=\"lazy\" decoding=\"async\" width=\"300\" height=\"300\" data-wp-class--hide=\"state.isContentHidden\" data-wp-class--show=\"state.isContentVisible\" data-wp-init=\"callbacks.setButtonStyles\" data-wp-on--click=\"actions.showLightbox\" data-wp-on--load=\"callbacks.setButtonStyles\" data-wp-on-window--resize=\"callbacks.setButtonStyles\" src=\"http:\/\/cugnac.be\/wp-content\/uploads\/2022\/06\/vivarium-1-300x300.jpg\" alt=\"\" class=\"wp-image-723\" srcset=\"https:\/\/cugnac.be\/wp-content\/uploads\/2022\/06\/vivarium-1-300x300.jpg 300w, https:\/\/cugnac.be\/wp-content\/uploads\/2022\/06\/vivarium-1-150x150.jpg 150w, https:\/\/cugnac.be\/wp-content\/uploads\/2022\/06\/vivarium-1.jpg 600w\" sizes=\"auto, (max-width: 300px) 100vw, 300px\" \/><button\n\t\t\tclass=\"lightbox-trigger\"\n\t\t\ttype=\"button\"\n\t\t\taria-haspopup=\"dialog\"\n\t\t\taria-label=\"Agrandir\"\n\t\t\tdata-wp-init=\"callbacks.initTriggerButton\"\n\t\t\tdata-wp-on--click=\"actions.showLightbox\"\n\t\t\tdata-wp-style--right=\"state.imageButtonRight\"\n\t\t\tdata-wp-style--top=\"state.imageButtonTop\"\n\t\t>\n\t\t\t<svg xmlns=\"http:\/\/www.w3.org\/2000\/svg\" width=\"12\" height=\"12\" fill=\"none\" viewBox=\"0 0 12 12\">\n\t\t\t\t<path fill=\"#fff\" d=\"M2 0a2 2 0 0 0-2 2v2h1.5V2a.5.5 0 0 1 .5-.5h2V0H2Zm2 10.5H2a.5.5 0 0 1-.5-.5V8H0v2a2 2 0 0 0 2 2h2v-1.5ZM8 12v-1.5h2a.5.5 0 0 0 .5-.5V8H12v2a2 2 0 0 1-2 2H8Zm2-12a2 2 0 0 1 2 2v2h-1.5V2a.5.5 0 0 0-.5-.5H8V0h2Z\" \/>\n\t\t\t<\/svg>\n\t\t<\/button><\/figure>\n\n\n\n<figure data-wp-context=\"{&quot;imageId&quot;:&quot;69e76e46e1936&quot;}\" data-wp-interactive=\"core\/image\" data-wp-key=\"69e76e46e1936\" class=\"wp-block-image size-medium is-style-default wp-lightbox-container\"><img loading=\"lazy\" decoding=\"async\" width=\"298\" height=\"300\" data-wp-class--hide=\"state.isContentHidden\" data-wp-class--show=\"state.isContentVisible\" data-wp-init=\"callbacks.setButtonStyles\" data-wp-on--click=\"actions.showLightbox\" data-wp-on--load=\"callbacks.setButtonStyles\" data-wp-on-window--resize=\"callbacks.setButtonStyles\" src=\"http:\/\/cugnac.be\/wp-content\/uploads\/2022\/06\/vivarium-4-298x300.jpg\" alt=\"\" class=\"wp-image-725\" srcset=\"https:\/\/cugnac.be\/wp-content\/uploads\/2022\/06\/vivarium-4-298x300.jpg 298w, https:\/\/cugnac.be\/wp-content\/uploads\/2022\/06\/vivarium-4-150x150.jpg 150w, https:\/\/cugnac.be\/wp-content\/uploads\/2022\/06\/vivarium-4.jpg 600w\" sizes=\"auto, (max-width: 298px) 100vw, 298px\" \/><button\n\t\t\tclass=\"lightbox-trigger\"\n\t\t\ttype=\"button\"\n\t\t\taria-haspopup=\"dialog\"\n\t\t\taria-label=\"Agrandir\"\n\t\t\tdata-wp-init=\"callbacks.initTriggerButton\"\n\t\t\tdata-wp-on--click=\"actions.showLightbox\"\n\t\t\tdata-wp-style--right=\"state.imageButtonRight\"\n\t\t\tdata-wp-style--top=\"state.imageButtonTop\"\n\t\t>\n\t\t\t<svg xmlns=\"http:\/\/www.w3.org\/2000\/svg\" width=\"12\" height=\"12\" fill=\"none\" viewBox=\"0 0 12 12\">\n\t\t\t\t<path fill=\"#fff\" d=\"M2 0a2 2 0 0 0-2 2v2h1.5V2a.5.5 0 0 1 .5-.5h2V0H2Zm2 10.5H2a.5.5 0 0 1-.5-.5V8H0v2a2 2 0 0 0 2 2h2v-1.5ZM8 12v-1.5h2a.5.5 0 0 0 .5-.5V8H12v2a2 2 0 0 1-2 2H8Zm2-12a2 2 0 0 1 2 2v2h-1.5V2a.5.5 0 0 0-.5-.5H8V0h2Z\" \/>\n\t\t\t<\/svg>\n\t\t<\/button><\/figure>\n\n\n\n<figure data-wp-context=\"{&quot;imageId&quot;:&quot;69e76e46e1d3b&quot;}\" data-wp-interactive=\"core\/image\" data-wp-key=\"69e76e46e1d3b\" class=\"wp-block-image size-medium is-style-default wp-lightbox-container\"><img loading=\"lazy\" decoding=\"async\" width=\"297\" height=\"300\" data-wp-class--hide=\"state.isContentHidden\" data-wp-class--show=\"state.isContentVisible\" data-wp-init=\"callbacks.setButtonStyles\" data-wp-on--click=\"actions.showLightbox\" data-wp-on--load=\"callbacks.setButtonStyles\" data-wp-on-window--resize=\"callbacks.setButtonStyles\" src=\"http:\/\/cugnac.be\/wp-content\/uploads\/2022\/06\/vivarium-5-297x300.jpg\" alt=\"\" class=\"wp-image-728\" srcset=\"https:\/\/cugnac.be\/wp-content\/uploads\/2022\/06\/vivarium-5-297x300.jpg 297w, https:\/\/cugnac.be\/wp-content\/uploads\/2022\/06\/vivarium-5.jpg 600w\" sizes=\"auto, (max-width: 297px) 100vw, 297px\" \/><button\n\t\t\tclass=\"lightbox-trigger\"\n\t\t\ttype=\"button\"\n\t\t\taria-haspopup=\"dialog\"\n\t\t\taria-label=\"Agrandir\"\n\t\t\tdata-wp-init=\"callbacks.initTriggerButton\"\n\t\t\tdata-wp-on--click=\"actions.showLightbox\"\n\t\t\tdata-wp-style--right=\"state.imageButtonRight\"\n\t\t\tdata-wp-style--top=\"state.imageButtonTop\"\n\t\t>\n\t\t\t<svg xmlns=\"http:\/\/www.w3.org\/2000\/svg\" width=\"12\" height=\"12\" fill=\"none\" viewBox=\"0 0 12 12\">\n\t\t\t\t<path fill=\"#fff\" d=\"M2 0a2 2 0 0 0-2 2v2h1.5V2a.5.5 0 0 1 .5-.5h2V0H2Zm2 10.5H2a.5.5 0 0 1-.5-.5V8H0v2a2 2 0 0 0 2 2h2v-1.5ZM8 12v-1.5h2a.5.5 0 0 0 .5-.5V8H12v2a2 2 0 0 1-2 2H8Zm2-12a2 2 0 0 1 2 2v2h-1.5V2a.5.5 0 0 0-.5-.5H8V0h2Z\" \/>\n\t\t\t<\/svg>\n\t\t<\/button><\/figure>\n<\/div>\n\n\n\n<div class=\"wp-block-column is-layout-flow wp-block-column-is-layout-flow\">\n<figure data-wp-context=\"{&quot;imageId&quot;:&quot;69e76e46e217c&quot;}\" data-wp-interactive=\"core\/image\" data-wp-key=\"69e76e46e217c\" class=\"wp-block-image size-medium is-style-default wp-lightbox-container\"><img loading=\"lazy\" decoding=\"async\" width=\"300\" height=\"300\" data-wp-class--hide=\"state.isContentHidden\" data-wp-class--show=\"state.isContentVisible\" data-wp-init=\"callbacks.setButtonStyles\" data-wp-on--click=\"actions.showLightbox\" data-wp-on--load=\"callbacks.setButtonStyles\" data-wp-on-window--resize=\"callbacks.setButtonStyles\" src=\"http:\/\/cugnac.be\/wp-content\/uploads\/2022\/06\/vivarium-2-300x300.jpg\" alt=\"\" class=\"wp-image-724\" srcset=\"https:\/\/cugnac.be\/wp-content\/uploads\/2022\/06\/vivarium-2-300x300.jpg 300w, https:\/\/cugnac.be\/wp-content\/uploads\/2022\/06\/vivarium-2-150x150.jpg 150w, https:\/\/cugnac.be\/wp-content\/uploads\/2022\/06\/vivarium-2.jpg 600w\" sizes=\"auto, (max-width: 300px) 100vw, 300px\" \/><button\n\t\t\tclass=\"lightbox-trigger\"\n\t\t\ttype=\"button\"\n\t\t\taria-haspopup=\"dialog\"\n\t\t\taria-label=\"Agrandir\"\n\t\t\tdata-wp-init=\"callbacks.initTriggerButton\"\n\t\t\tdata-wp-on--click=\"actions.showLightbox\"\n\t\t\tdata-wp-style--right=\"state.imageButtonRight\"\n\t\t\tdata-wp-style--top=\"state.imageButtonTop\"\n\t\t>\n\t\t\t<svg xmlns=\"http:\/\/www.w3.org\/2000\/svg\" width=\"12\" height=\"12\" fill=\"none\" viewBox=\"0 0 12 12\">\n\t\t\t\t<path fill=\"#fff\" d=\"M2 0a2 2 0 0 0-2 2v2h1.5V2a.5.5 0 0 1 .5-.5h2V0H2Zm2 10.5H2a.5.5 0 0 1-.5-.5V8H0v2a2 2 0 0 0 2 2h2v-1.5ZM8 12v-1.5h2a.5.5 0 0 0 .5-.5V8H12v2a2 2 0 0 1-2 2H8Zm2-12a2 2 0 0 1 2 2v2h-1.5V2a.5.5 0 0 0-.5-.5H8V0h2Z\" \/>\n\t\t\t<\/svg>\n\t\t<\/button><\/figure>\n\n\n\n<figure data-wp-context=\"{&quot;imageId&quot;:&quot;69e76e46e25c9&quot;}\" data-wp-interactive=\"core\/image\" data-wp-key=\"69e76e46e25c9\" class=\"wp-block-image size-medium is-style-default wp-lightbox-container\"><img loading=\"lazy\" decoding=\"async\" width=\"298\" height=\"300\" data-wp-class--hide=\"state.isContentHidden\" data-wp-class--show=\"state.isContentVisible\" data-wp-init=\"callbacks.setButtonStyles\" data-wp-on--click=\"actions.showLightbox\" data-wp-on--load=\"callbacks.setButtonStyles\" data-wp-on-window--resize=\"callbacks.setButtonStyles\" src=\"http:\/\/cugnac.be\/wp-content\/uploads\/2022\/06\/vivarium-3-298x300.jpg\" alt=\"\" class=\"wp-image-727\" srcset=\"https:\/\/cugnac.be\/wp-content\/uploads\/2022\/06\/vivarium-3-298x300.jpg 298w, https:\/\/cugnac.be\/wp-content\/uploads\/2022\/06\/vivarium-3-150x150.jpg 150w, https:\/\/cugnac.be\/wp-content\/uploads\/2022\/06\/vivarium-3.jpg 600w\" sizes=\"auto, (max-width: 298px) 100vw, 298px\" \/><button\n\t\t\tclass=\"lightbox-trigger\"\n\t\t\ttype=\"button\"\n\t\t\taria-haspopup=\"dialog\"\n\t\t\taria-label=\"Agrandir\"\n\t\t\tdata-wp-init=\"callbacks.initTriggerButton\"\n\t\t\tdata-wp-on--click=\"actions.showLightbox\"\n\t\t\tdata-wp-style--right=\"state.imageButtonRight\"\n\t\t\tdata-wp-style--top=\"state.imageButtonTop\"\n\t\t>\n\t\t\t<svg xmlns=\"http:\/\/www.w3.org\/2000\/svg\" width=\"12\" height=\"12\" fill=\"none\" viewBox=\"0 0 12 12\">\n\t\t\t\t<path fill=\"#fff\" d=\"M2 0a2 2 0 0 0-2 2v2h1.5V2a.5.5 0 0 1 .5-.5h2V0H2Zm2 10.5H2a.5.5 0 0 1-.5-.5V8H0v2a2 2 0 0 0 2 2h2v-1.5ZM8 12v-1.5h2a.5.5 0 0 0 .5-.5V8H12v2a2 2 0 0 1-2 2H8Zm2-12a2 2 0 0 1 2 2v2h-1.5V2a.5.5 0 0 0-.5-.5H8V0h2Z\" \/>\n\t\t\t<\/svg>\n\t\t<\/button><\/figure>\n\n\n\n<figure data-wp-context=\"{&quot;imageId&quot;:&quot;69e76e46e29f6&quot;}\" data-wp-interactive=\"core\/image\" data-wp-key=\"69e76e46e29f6\" class=\"wp-block-image size-medium is-style-default wp-lightbox-container\"><img loading=\"lazy\" decoding=\"async\" width=\"300\" height=\"273\" data-wp-class--hide=\"state.isContentHidden\" data-wp-class--show=\"state.isContentVisible\" data-wp-init=\"callbacks.setButtonStyles\" data-wp-on--click=\"actions.showLightbox\" data-wp-on--load=\"callbacks.setButtonStyles\" data-wp-on-window--resize=\"callbacks.setButtonStyles\" src=\"http:\/\/cugnac.be\/wp-content\/uploads\/2022\/06\/vivarium-6-300x273.jpg\" alt=\"\" class=\"wp-image-726\" srcset=\"https:\/\/cugnac.be\/wp-content\/uploads\/2022\/06\/vivarium-6-300x273.jpg 300w, https:\/\/cugnac.be\/wp-content\/uploads\/2022\/06\/vivarium-6.jpg 600w\" sizes=\"auto, (max-width: 300px) 100vw, 300px\" \/><button\n\t\t\tclass=\"lightbox-trigger\"\n\t\t\ttype=\"button\"\n\t\t\taria-haspopup=\"dialog\"\n\t\t\taria-label=\"Agrandir\"\n\t\t\tdata-wp-init=\"callbacks.initTriggerButton\"\n\t\t\tdata-wp-on--click=\"actions.showLightbox\"\n\t\t\tdata-wp-style--right=\"state.imageButtonRight\"\n\t\t\tdata-wp-style--top=\"state.imageButtonTop\"\n\t\t>\n\t\t\t<svg xmlns=\"http:\/\/www.w3.org\/2000\/svg\" width=\"12\" height=\"12\" fill=\"none\" viewBox=\"0 0 12 12\">\n\t\t\t\t<path fill=\"#fff\" d=\"M2 0a2 2 0 0 0-2 2v2h1.5V2a.5.5 0 0 1 .5-.5h2V0H2Zm2 10.5H2a.5.5 0 0 1-.5-.5V8H0v2a2 2 0 0 0 2 2h2v-1.5ZM8 12v-1.5h2a.5.5 0 0 0 .5-.5V8H12v2a2 2 0 0 1-2 2H8Zm2-12a2 2 0 0 1 2 2v2h-1.5V2a.5.5 0 0 0-.5-.5H8V0h2Z\" \/>\n\t\t\t<\/svg>\n\t\t<\/button><\/figure>\n<\/div>\n<\/div>\n\n\n\n<div style=\"height:100px\" aria-hidden=\"true\" class=\"wp-block-spacer\"><\/div>\n\n\n<nav style=\"color: #808080; font-style:normal;font-weight:300;line-height:1.2;\" class=\"has-text-color has-small-font-size items-justified-left is-vertical wp-block-navigation is-content-justification-left is-layout-flex wp-container-core-navigation-is-layout-f40d5164 wp-block-navigation-is-layout-flex\" aria-label=\"Navigation En-t\u00eate\"><ul style=\"color: #808080; font-style:normal;font-weight:300;line-height:1.2;\" class=\"wp-block-navigation__container has-text-color has-small-font-size items-justified-left is-vertical wp-block-navigation has-small-font-size\"><li class=\"has-small-font-size wp-block-navigation-item wp-block-navigation-link\"><a class=\"wp-block-navigation-item__content\"  href=\"http:\/\/cugnac.be\/index.php\/expositions\"><span class=\"wp-block-navigation-item__label\"><strong>Expositions<\/strong><\/span><\/a><\/li><li class=\"has-small-font-size wp-block-navigation-item wp-block-navigation-link\"><a class=\"wp-block-navigation-item__content\"  href=\"http:\/\/Catalogues\"><span class=\"wp-block-navigation-item__label\">Catalogues<\/span><\/a><\/li><li class=\"has-small-font-size wp-block-navigation-item wp-block-navigation-link\"><a class=\"wp-block-navigation-item__content\"  href=\"http:\/\/2025-2026\"><span class=\"wp-block-navigation-item__label\">2025-2026<\/span><\/a><\/li><li class=\"has-small-font-size wp-block-navigation-item wp-block-navigation-link\"><a class=\"wp-block-navigation-item__content\"  href=\"http:\/\/cugnac.be\/index.php\/selfies-et-moi-et-moi-et-moi\/\"><span class=\"wp-block-navigation-item__label\">2018-2024<\/span><\/a><\/li><li class=\"has-small-font-size wp-block-navigation-item wp-block-navigation-link\"><a class=\"wp-block-navigation-item__content\"  href=\"http:\/\/cugnac.be\/index.php\/antipodes-2\/\"><span class=\"wp-block-navigation-item__label\"><em>2007-2012<\/em><\/span><\/a><\/li><li class=\"has-small-font-size wp-block-navigation-item wp-block-navigation-link\"><a class=\"wp-block-navigation-item__content\"  href=\"http:\/\/cugnac.be\/index.php\/vice-et-vertu\/\"><span class=\"wp-block-navigation-item__label\">2005-2007<\/span><\/a><\/li><li class=\"has-small-font-size wp-block-navigation-item wp-block-navigation-link\"><a class=\"wp-block-navigation-item__content\"  href=\"http:\/\/cugnac.be\/index.php\/le-fond-des-choses\/\"><span class=\"wp-block-navigation-item__label\"><em>2000-2005<\/em><\/span><\/a><\/li><li class=\"has-small-font-size wp-block-navigation-item wp-block-navigation-link\"><a class=\"wp-block-navigation-item__content\"  href=\"http:\/\/cugnac.be\/index.php\/un-peu-dhistoire\/\"><span class=\"wp-block-navigation-item__label\"><em>Un peu d\u2019histoire\u2026 1980-2018<\/em><\/span><\/a><\/li><li class=\"has-small-font-size wp-block-navigation-item wp-block-navigation-link\"><a class=\"wp-block-navigation-item__content\"  href=\"http:\/\/cugnac.be\/index.php\/contact-2\/\"><span class=\"wp-block-navigation-item__label\"><strong>Contact<\/strong><\/span><\/a><\/li><\/ul><\/nav>","protected":false},"excerpt":{"rendered":"<p>2016-2018 \u00ab\u00a0Maisons de Famille\u00a0\u00bb En symbiose avec Nicolas d\u2019Ursel : D\u00e9coration des quatre-vingt chambres de l&rsquo;h\u00f4tel Alfred Sommier \u00e0 Paris 2002 Station de m\u00e9tro Ceria \u00e0 Bruxelles \u0152uvre de Marin Kasimir avec une certaine complicit\u00e9 et certaines comp\u00e9tences de Fabien de Cugnac 2000 Passage \u00e0 l&rsquo;an 2000, participation \u00e0 l&rsquo;\u0153uvre de Marin Kasimir 1989 Calcutta [&hellip;]<\/p>\n","protected":false},"author":1,"featured_media":0,"parent":0,"menu_order":0,"comment_status":"closed","ping_status":"closed","template":"page-no-separators","meta":{"footnotes":""},"class_list":["post-722","page","type-page","status-publish","hentry"],"_links":{"self":[{"href":"https:\/\/cugnac.be\/index.php\/wp-json\/wp\/v2\/pages\/722","targetHints":{"allow":["GET"]}}],"collection":[{"href":"https:\/\/cugnac.be\/index.php\/wp-json\/wp\/v2\/pages"}],"about":[{"href":"https:\/\/cugnac.be\/index.php\/wp-json\/wp\/v2\/types\/page"}],"author":[{"embeddable":true,"href":"https:\/\/cugnac.be\/index.php\/wp-json\/wp\/v2\/users\/1"}],"replies":[{"embeddable":true,"href":"https:\/\/cugnac.be\/index.php\/wp-json\/wp\/v2\/comments?post=722"}],"version-history":[{"count":34,"href":"https:\/\/cugnac.be\/index.php\/wp-json\/wp\/v2\/pages\/722\/revisions"}],"predecessor-version":[{"id":2063,"href":"https:\/\/cugnac.be\/index.php\/wp-json\/wp\/v2\/pages\/722\/revisions\/2063"}],"wp:attachment":[{"href":"https:\/\/cugnac.be\/index.php\/wp-json\/wp\/v2\/media?parent=722"}],"curies":[{"name":"wp","href":"https:\/\/api.w.org\/{rel}","templated":true}]}}