{"id":886,"date":"2022-06-28T17:23:07","date_gmt":"2022-06-28T15:23:07","guid":{"rendered":"http:\/\/cugnac.be\/?page_id=886"},"modified":"2024-01-08T20:05:56","modified_gmt":"2024-01-08T19:05:56","slug":"envers","status":"publish","type":"page","link":"https:\/\/cugnac.be\/index.php\/envers\/","title":{"rendered":"L&rsquo;envers du passage"},"content":{"rendered":"\n<p class=\"has-text-color\" style=\"color:#808080;font-size:16px;font-style:normal;font-weight:600;line-height:1.2\">Marin Kasimir<br>Fr\u00e9d\u00e9ric Migayrou<br>Fabien de Cugnac<\/p>\n\n\n\n<p class=\"has-text-color\" style=\"color:#808080;font-size:13px;font-style:normal;font-weight:400;line-height:1.2\">Leporello (livre accord\u00e9on) 22 cm x 22 cm ferm\u00e9 et 18,28 m\u00e8tres ouvert et d\u00e9pli\u00e9.<br>Prise de vue panoramique de 4.680\u00b0 (13 tours complets) la nuit du 31 d\u00e9cembre 1999 au 1er janvier 2000 <br>sur les Champs-\u00c9lys\u00e9es \u00e0 Paris, de la Concorde \u00e0 l\u2019Arc de Triomphe.<br>De la gauche \u00e0 la droite de l&rsquo;image, de la premi\u00e8re \u00e0 la derni\u00e8re page, 17 heures se sont \u00e9coul\u00e9es, 1,828 km parcourus et un livre d\u00e9pli\u00e9 de 18,28 m\u00e8tres<\/p>\n\n\n\n<div style=\"height:25px\" aria-hidden=\"true\" class=\"wp-block-spacer\"><\/div>\n\n\n\n<figure class=\"wp-block-video\"><video height=\"384\" style=\"aspect-ratio: 768 \/ 384;\" width=\"768\" autoplay controls src=\"http:\/\/cugnac.be\/wp-content\/uploads\/2022\/07\/Envers-son-provisoire-1.mp4\"><\/video><\/figure>\n\n\n\n<div style=\"height:10px\" aria-hidden=\"true\" class=\"wp-block-spacer\"><\/div>\n\n\n\n<figure data-wp-context=\"{&quot;imageId&quot;:&quot;69db52814b666&quot;}\" data-wp-interactive=\"core\/image\" data-wp-key=\"69db52814b666\" class=\"wp-block-image size-full is-style-default wp-lightbox-container\"><img loading=\"lazy\" decoding=\"async\" width=\"2560\" height=\"32\" data-wp-class--hide=\"state.isContentHidden\" data-wp-class--show=\"state.isContentVisible\" data-wp-init=\"callbacks.setButtonStyles\" data-wp-on--click=\"actions.showLightbox\" data-wp-on--load=\"callbacks.setButtonStyles\" data-wp-on-window--resize=\"callbacks.setButtonStyles\" src=\"http:\/\/cugnac.be\/wp-content\/uploads\/2022\/06\/Envers-Montage-H-65-pix-scaled.jpg\" alt=\"\" class=\"wp-image-884\" srcset=\"https:\/\/cugnac.be\/wp-content\/uploads\/2022\/06\/Envers-Montage-H-65-pix-scaled.jpg 2560w, https:\/\/cugnac.be\/wp-content\/uploads\/2022\/06\/Envers-Montage-H-65-pix-300x4.jpg 300w, https:\/\/cugnac.be\/wp-content\/uploads\/2022\/06\/Envers-Montage-H-65-pix-1024x13.jpg 1024w, https:\/\/cugnac.be\/wp-content\/uploads\/2022\/06\/Envers-Montage-H-65-pix-768x10.jpg 768w, https:\/\/cugnac.be\/wp-content\/uploads\/2022\/06\/Envers-Montage-H-65-pix-1536x19.jpg 1536w, https:\/\/cugnac.be\/wp-content\/uploads\/2022\/06\/Envers-Montage-H-65-pix-2048x26.jpg 2048w\" sizes=\"auto, (max-width: 2560px) 100vw, 2560px\" \/><button\n\t\t\tclass=\"lightbox-trigger\"\n\t\t\ttype=\"button\"\n\t\t\taria-haspopup=\"dialog\"\n\t\t\taria-label=\"Agrandir\"\n\t\t\tdata-wp-init=\"callbacks.initTriggerButton\"\n\t\t\tdata-wp-on--click=\"actions.showLightbox\"\n\t\t\tdata-wp-style--right=\"state.imageButtonRight\"\n\t\t\tdata-wp-style--top=\"state.imageButtonTop\"\n\t\t>\n\t\t\t<svg xmlns=\"http:\/\/www.w3.org\/2000\/svg\" width=\"12\" height=\"12\" fill=\"none\" viewBox=\"0 0 12 12\">\n\t\t\t\t<path fill=\"#fff\" d=\"M2 0a2 2 0 0 0-2 2v2h1.5V2a.5.5 0 0 1 .5-.5h2V0H2Zm2 10.5H2a.5.5 0 0 1-.5-.5V8H0v2a2 2 0 0 0 2 2h2v-1.5ZM8 12v-1.5h2a.5.5 0 0 0 .5-.5V8H12v2a2 2 0 0 1-2 2H8Zm2-12a2 2 0 0 1 2 2v2h-1.5V2a.5.5 0 0 0-.5-.5H8V0h2Z\" \/>\n\t\t\t<\/svg>\n\t\t<\/button><\/figure>\n\n\n\n<div style=\"height:25px\" aria-hidden=\"true\" class=\"wp-block-spacer\"><\/div>\n\n\n\n<figure data-wp-context=\"{&quot;imageId&quot;:&quot;69db52814bbd3&quot;}\" data-wp-interactive=\"core\/image\" data-wp-key=\"69db52814bbd3\" class=\"wp-block-image size-full is-style-default wp-lightbox-container\"><img loading=\"lazy\" decoding=\"async\" width=\"2000\" height=\"1066\" data-wp-class--hide=\"state.isContentHidden\" data-wp-class--show=\"state.isContentVisible\" data-wp-init=\"callbacks.setButtonStyles\" data-wp-on--click=\"actions.showLightbox\" data-wp-on--load=\"callbacks.setButtonStyles\" data-wp-on-window--resize=\"callbacks.setButtonStyles\" src=\"http:\/\/cugnac.be\/wp-content\/uploads\/2022\/06\/MG_3558.jpg\" alt=\"\" class=\"wp-image-915\" srcset=\"https:\/\/cugnac.be\/wp-content\/uploads\/2022\/06\/MG_3558.jpg 2000w, https:\/\/cugnac.be\/wp-content\/uploads\/2022\/06\/MG_3558-300x160.jpg 300w, https:\/\/cugnac.be\/wp-content\/uploads\/2022\/06\/MG_3558-1024x546.jpg 1024w, https:\/\/cugnac.be\/wp-content\/uploads\/2022\/06\/MG_3558-768x409.jpg 768w, https:\/\/cugnac.be\/wp-content\/uploads\/2022\/06\/MG_3558-1536x819.jpg 1536w\" sizes=\"auto, (max-width: 2000px) 100vw, 2000px\" \/><button\n\t\t\tclass=\"lightbox-trigger\"\n\t\t\ttype=\"button\"\n\t\t\taria-haspopup=\"dialog\"\n\t\t\taria-label=\"Agrandir\"\n\t\t\tdata-wp-init=\"callbacks.initTriggerButton\"\n\t\t\tdata-wp-on--click=\"actions.showLightbox\"\n\t\t\tdata-wp-style--right=\"state.imageButtonRight\"\n\t\t\tdata-wp-style--top=\"state.imageButtonTop\"\n\t\t>\n\t\t\t<svg xmlns=\"http:\/\/www.w3.org\/2000\/svg\" width=\"12\" height=\"12\" fill=\"none\" viewBox=\"0 0 12 12\">\n\t\t\t\t<path fill=\"#fff\" d=\"M2 0a2 2 0 0 0-2 2v2h1.5V2a.5.5 0 0 1 .5-.5h2V0H2Zm2 10.5H2a.5.5 0 0 1-.5-.5V8H0v2a2 2 0 0 0 2 2h2v-1.5ZM8 12v-1.5h2a.5.5 0 0 0 .5-.5V8H12v2a2 2 0 0 1-2 2H8Zm2-12a2 2 0 0 1 2 2v2h-1.5V2a.5.5 0 0 0-.5-.5H8V0h2Z\" \/>\n\t\t\t<\/svg>\n\t\t<\/button><\/figure>\n\n\n\n<div style=\"height:20px\" aria-hidden=\"true\" class=\"wp-block-spacer\"><\/div>\n\n\n\n<div class=\"wp-block-columns is-layout-flex wp-container-core-columns-is-layout-28f84493 wp-block-columns-is-layout-flex\">\n<div class=\"wp-block-column is-layout-flow wp-block-column-is-layout-flow\">\n<iframe allowfullscreen=\"allowfullscreen\" scrolling=\"no\" class=\"fp-iframe\" style=\"border: 1px solid black; width: 100%; height: 400px;\" src=\"http:\/\/image-numerique.be\/envers-flipbook\/\"><\/iframe>\n<\/div>\n<\/div>\n\n\n\n<div style=\"height:25px\" aria-hidden=\"true\" class=\"wp-block-spacer\"><\/div>\n\n\n\n<p class=\"has-text-color has-small-font-size\" style=\"color:#808080;font-style:normal;font-weight:500;line-height:1.2\">La Verri\u00e8re &#8211; Fondation Herm\u00e8s &#8211; Bruxelles 2000<\/p>\n\n\n\n<div class=\"wp-block-columns is-layout-flex wp-container-core-columns-is-layout-28f84493 wp-block-columns-is-layout-flex\">\n<div class=\"wp-block-column is-layout-flow wp-block-column-is-layout-flow\">\n<figure data-wp-context=\"{&quot;imageId&quot;:&quot;69db52814c28f&quot;}\" data-wp-interactive=\"core\/image\" data-wp-key=\"69db52814c28f\" class=\"wp-block-image size-large is-style-default wp-lightbox-container\"><img loading=\"lazy\" decoding=\"async\" width=\"1024\" height=\"664\" data-wp-class--hide=\"state.isContentHidden\" data-wp-class--show=\"state.isContentVisible\" data-wp-init=\"callbacks.setButtonStyles\" data-wp-on--click=\"actions.showLightbox\" data-wp-on--load=\"callbacks.setButtonStyles\" data-wp-on-window--resize=\"callbacks.setButtonStyles\" src=\"http:\/\/cugnac.be\/wp-content\/uploads\/2022\/07\/DSC_0050-2022-31-1024x664.jpg\" alt=\"\" class=\"wp-image-941\" srcset=\"https:\/\/cugnac.be\/wp-content\/uploads\/2022\/07\/DSC_0050-2022-31-1024x664.jpg 1024w, https:\/\/cugnac.be\/wp-content\/uploads\/2022\/07\/DSC_0050-2022-31-300x195.jpg 300w, https:\/\/cugnac.be\/wp-content\/uploads\/2022\/07\/DSC_0050-2022-31-768x498.jpg 768w, https:\/\/cugnac.be\/wp-content\/uploads\/2022\/07\/DSC_0050-2022-31.jpg 1500w\" sizes=\"auto, (max-width: 1024px) 100vw, 1024px\" \/><button\n\t\t\tclass=\"lightbox-trigger\"\n\t\t\ttype=\"button\"\n\t\t\taria-haspopup=\"dialog\"\n\t\t\taria-label=\"Agrandir\"\n\t\t\tdata-wp-init=\"callbacks.initTriggerButton\"\n\t\t\tdata-wp-on--click=\"actions.showLightbox\"\n\t\t\tdata-wp-style--right=\"state.imageButtonRight\"\n\t\t\tdata-wp-style--top=\"state.imageButtonTop\"\n\t\t>\n\t\t\t<svg xmlns=\"http:\/\/www.w3.org\/2000\/svg\" width=\"12\" height=\"12\" fill=\"none\" viewBox=\"0 0 12 12\">\n\t\t\t\t<path fill=\"#fff\" d=\"M2 0a2 2 0 0 0-2 2v2h1.5V2a.5.5 0 0 1 .5-.5h2V0H2Zm2 10.5H2a.5.5 0 0 1-.5-.5V8H0v2a2 2 0 0 0 2 2h2v-1.5ZM8 12v-1.5h2a.5.5 0 0 0 .5-.5V8H12v2a2 2 0 0 1-2 2H8Zm2-12a2 2 0 0 1 2 2v2h-1.5V2a.5.5 0 0 0-.5-.5H8V0h2Z\" \/>\n\t\t\t<\/svg>\n\t\t<\/button><\/figure>\n<\/div>\n\n\n\n<div class=\"wp-block-column is-layout-flow wp-block-column-is-layout-flow\">\n<figure data-wp-context=\"{&quot;imageId&quot;:&quot;69db52814c7d8&quot;}\" data-wp-interactive=\"core\/image\" data-wp-key=\"69db52814c7d8\" class=\"wp-block-image size-large is-style-default wp-lightbox-container\"><img loading=\"lazy\" decoding=\"async\" width=\"1024\" height=\"662\" data-wp-class--hide=\"state.isContentHidden\" data-wp-class--show=\"state.isContentVisible\" data-wp-init=\"callbacks.setButtonStyles\" data-wp-on--click=\"actions.showLightbox\" data-wp-on--load=\"callbacks.setButtonStyles\" data-wp-on-window--resize=\"callbacks.setButtonStyles\" src=\"http:\/\/cugnac.be\/wp-content\/uploads\/2022\/06\/DSC_0048-2022-1024x662.jpg\" alt=\"\" class=\"wp-image-927\" srcset=\"https:\/\/cugnac.be\/wp-content\/uploads\/2022\/06\/DSC_0048-2022-1024x662.jpg 1024w, https:\/\/cugnac.be\/wp-content\/uploads\/2022\/06\/DSC_0048-2022-300x194.jpg 300w, https:\/\/cugnac.be\/wp-content\/uploads\/2022\/06\/DSC_0048-2022-768x496.jpg 768w, https:\/\/cugnac.be\/wp-content\/uploads\/2022\/06\/DSC_0048-2022.jpg 1500w\" sizes=\"auto, (max-width: 1024px) 100vw, 1024px\" \/><button\n\t\t\tclass=\"lightbox-trigger\"\n\t\t\ttype=\"button\"\n\t\t\taria-haspopup=\"dialog\"\n\t\t\taria-label=\"Agrandir\"\n\t\t\tdata-wp-init=\"callbacks.initTriggerButton\"\n\t\t\tdata-wp-on--click=\"actions.showLightbox\"\n\t\t\tdata-wp-style--right=\"state.imageButtonRight\"\n\t\t\tdata-wp-style--top=\"state.imageButtonTop\"\n\t\t>\n\t\t\t<svg xmlns=\"http:\/\/www.w3.org\/2000\/svg\" width=\"12\" height=\"12\" fill=\"none\" viewBox=\"0 0 12 12\">\n\t\t\t\t<path fill=\"#fff\" d=\"M2 0a2 2 0 0 0-2 2v2h1.5V2a.5.5 0 0 1 .5-.5h2V0H2Zm2 10.5H2a.5.5 0 0 1-.5-.5V8H0v2a2 2 0 0 0 2 2h2v-1.5ZM8 12v-1.5h2a.5.5 0 0 0 .5-.5V8H12v2a2 2 0 0 1-2 2H8Zm2-12a2 2 0 0 1 2 2v2h-1.5V2a.5.5 0 0 0-.5-.5H8V0h2Z\" \/>\n\t\t\t<\/svg>\n\t\t<\/button><\/figure>\n<\/div>\n<\/div>\n\n\n\n<p class=\"has-text-color\" style=\"color:#808080;font-size:12px;font-style:normal;font-weight:400;line-height:1.2\">Artiste : Marin Kasimir<br>Texte : Fr\u00e9d\u00e9ric Migayrou<br>Montage infographique : Fabien de Cugnac \/ Atelier d\u2019image<br>Impression du caisson lumineux : Atelier d&rsquo;image Fabien de Cugnac S.A.<br>Impression du livre : Salto<br>\u00c9ditions Jean-Michel Place, Paris<\/p>\n\n\n\n<div style=\"height:50px\" aria-hidden=\"true\" class=\"wp-block-spacer\"><\/div>\n\n\n<nav style=\"color: #808080; font-style:normal;font-weight:300;line-height:1.2;\" class=\"has-text-color has-small-font-size items-justified-left is-vertical wp-block-navigation is-content-justification-left is-layout-flex wp-container-core-navigation-is-layout-f40d5164 wp-block-navigation-is-layout-flex\" aria-label=\"Navigation En-t\u00eate\"><ul style=\"color: #808080; font-style:normal;font-weight:300;line-height:1.2;\" class=\"wp-block-navigation__container has-text-color has-small-font-size items-justified-left is-vertical wp-block-navigation has-small-font-size\"><li class=\"has-small-font-size wp-block-navigation-item wp-block-navigation-link\"><a class=\"wp-block-navigation-item__content\"  href=\"http:\/\/cugnac.be\/index.php\/expositions\"><span class=\"wp-block-navigation-item__label\"><strong>Expositions<\/strong><\/span><\/a><\/li><li class=\"has-small-font-size wp-block-navigation-item wp-block-navigation-link\"><a class=\"wp-block-navigation-item__content\"  href=\"http:\/\/Catalogues\"><span class=\"wp-block-navigation-item__label\">Catalogues<\/span><\/a><\/li><li class=\"has-small-font-size wp-block-navigation-item wp-block-navigation-link\"><a class=\"wp-block-navigation-item__content\"  href=\"http:\/\/2025-2026\"><span class=\"wp-block-navigation-item__label\">2025-2026<\/span><\/a><\/li><li class=\"has-small-font-size wp-block-navigation-item wp-block-navigation-link\"><a class=\"wp-block-navigation-item__content\"  href=\"http:\/\/cugnac.be\/index.php\/selfies-et-moi-et-moi-et-moi\/\"><span class=\"wp-block-navigation-item__label\">2018-2024<\/span><\/a><\/li><li class=\"has-small-font-size wp-block-navigation-item wp-block-navigation-link\"><a class=\"wp-block-navigation-item__content\"  href=\"http:\/\/cugnac.be\/index.php\/antipodes-2\/\"><span class=\"wp-block-navigation-item__label\"><em>2007-2012<\/em><\/span><\/a><\/li><li class=\"has-small-font-size wp-block-navigation-item wp-block-navigation-link\"><a class=\"wp-block-navigation-item__content\"  href=\"http:\/\/cugnac.be\/index.php\/vice-et-vertu\/\"><span class=\"wp-block-navigation-item__label\">2005-2007<\/span><\/a><\/li><li class=\"has-small-font-size wp-block-navigation-item wp-block-navigation-link\"><a class=\"wp-block-navigation-item__content\"  href=\"http:\/\/cugnac.be\/index.php\/le-fond-des-choses\/\"><span class=\"wp-block-navigation-item__label\"><em>2000-2005<\/em><\/span><\/a><\/li><li class=\"has-small-font-size wp-block-navigation-item wp-block-navigation-link\"><a class=\"wp-block-navigation-item__content\"  href=\"http:\/\/cugnac.be\/index.php\/un-peu-dhistoire\/\"><span class=\"wp-block-navigation-item__label\"><em>Un peu d\u2019histoire\u2026 1980-2018<\/em><\/span><\/a><\/li><li class=\"has-small-font-size wp-block-navigation-item wp-block-navigation-link\"><a class=\"wp-block-navigation-item__content\"  href=\"http:\/\/cugnac.be\/index.php\/contact-2\/\"><span class=\"wp-block-navigation-item__label\"><strong>Contact<\/strong><\/span><\/a><\/li><\/ul><\/nav>","protected":false},"excerpt":{"rendered":"<p>Marin KasimirFr\u00e9d\u00e9ric MigayrouFabien de Cugnac Leporello (livre accord\u00e9on) 22 cm x 22 cm ferm\u00e9 et 18,28 m\u00e8tres ouvert et d\u00e9pli\u00e9.Prise de vue panoramique de 4.680\u00b0 (13 tours complets) la nuit du 31 d\u00e9cembre 1999 au 1er janvier 2000 sur les Champs-\u00c9lys\u00e9es \u00e0 Paris, de la Concorde \u00e0 l\u2019Arc de Triomphe.De la gauche \u00e0 la droite [&hellip;]<\/p>\n","protected":false},"author":1,"featured_media":0,"parent":0,"menu_order":0,"comment_status":"closed","ping_status":"closed","template":"page-no-separators","meta":{"footnotes":""},"class_list":["post-886","page","type-page","status-publish","hentry"],"_links":{"self":[{"href":"https:\/\/cugnac.be\/index.php\/wp-json\/wp\/v2\/pages\/886","targetHints":{"allow":["GET"]}}],"collection":[{"href":"https:\/\/cugnac.be\/index.php\/wp-json\/wp\/v2\/pages"}],"about":[{"href":"https:\/\/cugnac.be\/index.php\/wp-json\/wp\/v2\/types\/page"}],"author":[{"embeddable":true,"href":"https:\/\/cugnac.be\/index.php\/wp-json\/wp\/v2\/users\/1"}],"replies":[{"embeddable":true,"href":"https:\/\/cugnac.be\/index.php\/wp-json\/wp\/v2\/comments?post=886"}],"version-history":[{"count":28,"href":"https:\/\/cugnac.be\/index.php\/wp-json\/wp\/v2\/pages\/886\/revisions"}],"predecessor-version":[{"id":2060,"href":"https:\/\/cugnac.be\/index.php\/wp-json\/wp\/v2\/pages\/886\/revisions\/2060"}],"wp:attachment":[{"href":"https:\/\/cugnac.be\/index.php\/wp-json\/wp\/v2\/media?parent=886"}],"curies":[{"name":"wp","href":"https:\/\/api.w.org\/{rel}","templated":true}]}}